{"id":281,"date":"2025-10-06T07:33:03","date_gmt":"2025-10-06T07:33:03","guid":{"rendered":"https:\/\/rudolf-schoen-weg.at\/wordpress\/?page_id=281"},"modified":"2025-12-23T08:42:09","modified_gmt":"2025-12-23T07:42:09","slug":"psychosoziale-dienste-wien","status":"publish","type":"page","link":"https:\/\/www.rudolf-schoen-weg.at\/index.php\/team\/psychosoziale-dienste-wien\/","title":{"rendered":"Psychosoziale Dienste Wien"},"content":{"rendered":"\n<h3 class=\"wp-block-heading\">Psychosoziale Beratung and Wiener Pflichtschulen<\/h3>\n\n\n\n<div class=\"wp-block-columns alignwide is-layout-flex wp-container-core-columns-is-layout-28f84493 wp-block-columns-is-layout-flex\">\n<div class=\"wp-block-column has-border-color has-custom-b-7-e-5-ff-background-color has-background is-layout-flow wp-block-column-is-layout-flow\" style=\"border-color:#f2f4f3;border-width:1px;border-top-left-radius:16px;border-top-right-radius:16px;border-bottom-left-radius:16px;border-bottom-right-radius:16px;padding-top:var(--wp--preset--spacing--10);padding-right:var(--wp--preset--spacing--10);padding-bottom:var(--wp--preset--spacing--10);padding-left:var(--wp--preset--spacing--10);box-shadow:var(--wp--preset--shadow--natural)\">\n<p><strong>Was ist das?<\/strong><\/p>\n\n\n\n<ul style=\"padding-right:var(--wp--preset--spacing--30);padding-left:var(--wp--preset--spacing--30)\" class=\"wp-block-list has-custom-b-7-e-5-ff-background-color has-background\">\n<li>kostenlos, freiwillig, vertraulich<\/li>\n\n\n\n<li>Beratung direkt an der Schule f\u00fcr Kinder und f\u00fcr Klassen<\/li>\n\n\n\n<li>Hilfe in schwierigen Situationen<\/li>\n\n\n\n<li>Vorurteile abbauen<\/li>\n\n\n\n<li>Probleme fr\u00fchzeitig erkennen und vorbeugen<\/li>\n\n\n\n<li>Information und Beratung f\u00fcr Erziehungsberechtigte (auf Wunsch)<\/li>\n<\/ul>\n<\/div>\n\n\n\n<div class=\"wp-block-column has-border-color has-custom-99-e-5-c-0-background-color has-background is-layout-flow wp-block-column-is-layout-flow\" style=\"border-color:#f2f4f3;border-width:1px;border-top-left-radius:16px;border-top-right-radius:16px;border-bottom-left-radius:16px;border-bottom-right-radius:16px;padding-top:var(--wp--preset--spacing--10);padding-right:var(--wp--preset--spacing--10);padding-bottom:var(--wp--preset--spacing--10);padding-left:var(--wp--preset--spacing--10);box-shadow:var(--wp--preset--shadow--natural)\">\n<p><strong>Welche Themen k\u00f6nnen z.B. besprochen werden?<\/strong><\/p>\n\n\n\n<ul style=\"border-radius:10px;padding-right:var(--wp--preset--spacing--30);padding-left:var(--wp--preset--spacing--30)\" class=\"wp-block-list has-custom-99-e-5-c-0-background-color has-background\">\n<li>belastende Gef\u00fchle wie \u00c4rger und Wut, Angst, Traurigkeit, &#8230;Stress, Sorge, Probleme, Konflikte<\/li>\n\n\n\n<li>Lernen, Ausbildung und Zukunft<\/li>\n<\/ul>\n<\/div>\n<\/div>\n\n\n\n<div class=\"wp-block-group alignfull has-global-padding is-layout-constrained wp-container-core-group-is-layout-669513ed wp-block-group-is-layout-constrained\" style=\"margin-top:0;margin-bottom:0;padding-top:var(--wp--preset--spacing--50);padding-right:var(--wp--preset--spacing--50);padding-bottom:var(--wp--preset--spacing--50);padding-left:var(--wp--preset--spacing--50)\">\n<div class=\"wp-block-columns alignwide is-layout-flex wp-container-core-columns-is-layout-4935966c wp-block-columns-is-layout-flex\" style=\"padding-right:0;padding-left:0\">\n<div class=\"wp-block-column has-border-color has-custom-ffeda-5-background-color has-background is-layout-flow wp-block-column-is-layout-flow\" style=\"border-color:#f2f4f3;border-width:1px;border-top-left-radius:16px;border-top-right-radius:16px;border-bottom-left-radius:16px;border-bottom-right-radius:16px;padding-top:var(--wp--preset--spacing--10);padding-bottom:var(--wp--preset--spacing--10);box-shadow:var(--wp--preset--shadow--natural)\">\n<figure class=\"wp-block-image aligncenter size-thumbnail is-style-rounded is-style-rounded--1\"><img loading=\"lazy\" decoding=\"async\" width=\"150\" height=\"150\" src=\"https:\/\/rudolf-schoen-weg.at\/\/wp-content\/uploads\/2025\/09\/Avatar-Frau-300x300-1-150x150.png\" alt=\"\" class=\"wp-image-136\" style=\"aspect-ratio:1;object-fit:cover\" srcset=\"https:\/\/www.rudolf-schoen-weg.at\/wp-content\/uploads\/2025\/09\/Avatar-Frau-300x300-1-150x150.png 150w, https:\/\/www.rudolf-schoen-weg.at\/wp-content\/uploads\/2025\/09\/Avatar-Frau-300x300-1.png 300w\" sizes=\"auto, (max-width: 150px) 100vw, 150px\" \/><\/figure>\n\n\n\n<div class=\"wp-block-group is-vertical is-content-justification-center is-nowrap is-layout-flex wp-container-core-group-is-layout-21d4e958 wp-block-group-is-layout-flex\">\n<p class=\"has-text-align-center has-small-font-size\">Dip-Soz-P\u00e4d. B\u00fcsra<strong> ADALI<\/strong><\/p>\n\n\n\n<p class=\"has-text-align-center has-small-font-size\">Sozialp\u00e4dagogin<\/p>\n<\/div>\n<\/div>\n\n\n\n<div class=\"wp-block-column has-border-color has-custom-ffeda-5-background-color has-background is-layout-flow wp-block-column-is-layout-flow\" style=\"border-color:#f2f4f3;border-width:1px;border-top-left-radius:16px;border-top-right-radius:16px;border-bottom-left-radius:16px;border-bottom-right-radius:16px;padding-top:var(--wp--preset--spacing--10);padding-bottom:var(--wp--preset--spacing--10);box-shadow:var(--wp--preset--shadow--natural)\">\n<figure class=\"wp-block-image aligncenter size-thumbnail is-style-rounded is-style-rounded--2\"><img loading=\"lazy\" decoding=\"async\" width=\"150\" height=\"150\" src=\"https:\/\/rudolf-schoen-weg.at\/\/wp-content\/uploads\/2025\/09\/Avatar-Frau-300x300-1-150x150.png\" alt=\"\" class=\"wp-image-136\" style=\"aspect-ratio:1;object-fit:cover\" srcset=\"https:\/\/www.rudolf-schoen-weg.at\/wp-content\/uploads\/2025\/09\/Avatar-Frau-300x300-1-150x150.png 150w, https:\/\/www.rudolf-schoen-weg.at\/wp-content\/uploads\/2025\/09\/Avatar-Frau-300x300-1.png 300w\" sizes=\"auto, (max-width: 150px) 100vw, 150px\" \/><\/figure>\n\n\n\n<div class=\"wp-block-group is-vertical is-content-justification-center is-nowrap is-layout-flex wp-container-core-group-is-layout-63bfd6c1 wp-block-group-is-layout-flex\">\n<p class=\"has-text-align-center has-small-font-size\">Dipl-Soz-P\u00e4d. Evelyn<strong> KIENBERGER<\/strong><\/p>\n\n\n\n<p class=\"has-text-align-center has-small-font-size\">Sozialp\u00e4dagogin<\/p>\n<\/div>\n<\/div>\n<\/div>\n<\/div>\n","protected":false},"excerpt":{"rendered":"<p>Psychosoziale Beratung and Wiener Pflichtschulen Was ist das? Welche Themen k\u00f6nnen z.B. besprochen werden? Dip-Soz-P\u00e4d. B\u00fcsra ADALI Sozialp\u00e4dagogin Dipl-Soz-P\u00e4d. Evelyn KIENBERGER Sozialp\u00e4dagogin<\/p>\n","protected":false},"author":1,"featured_media":0,"parent":2,"menu_order":7,"comment_status":"closed","ping_status":"closed","template":"","meta":{"_EventAllDay":false,"_EventTimezone":"","_EventStartDate":"","_EventEndDate":"","_EventStartDateUTC":"","_EventEndDateUTC":"","_EventShowMap":false,"_EventShowMapLink":false,"_EventURL":"","_EventCost":"","_EventCostDescription":"","_EventCurrencySymbol":"","_EventCurrencyCode":"","_EventCurrencyPosition":"","_EventDateTimeSeparator":"","_EventTimeRangeSeparator":"","_EventOrganizerID":[],"_EventVenueID":[],"_OrganizerEmail":"","_OrganizerPhone":"","_OrganizerWebsite":"","_VenueAddress":"","_VenueCity":"","_VenueCountry":"","_VenueProvince":"","_VenueState":"","_VenueZip":"","_VenuePhone":"","_VenueURL":"","_VenueStateProvince":"","_VenueLat":"","_VenueLng":"","_VenueShowMap":false,"_VenueShowMapLink":false,"footnotes":""},"class_list":["post-281","page","type-page","status-publish","hentry"],"_links":{"self":[{"href":"https:\/\/www.rudolf-schoen-weg.at\/index.php\/wp-json\/wp\/v2\/pages\/281","targetHints":{"allow":["GET"]}}],"collection":[{"href":"https:\/\/www.rudolf-schoen-weg.at\/index.php\/wp-json\/wp\/v2\/pages"}],"about":[{"href":"https:\/\/www.rudolf-schoen-weg.at\/index.php\/wp-json\/wp\/v2\/types\/page"}],"author":[{"embeddable":true,"href":"https:\/\/www.rudolf-schoen-weg.at\/index.php\/wp-json\/wp\/v2\/users\/1"}],"replies":[{"embeddable":true,"href":"https:\/\/www.rudolf-schoen-weg.at\/index.php\/wp-json\/wp\/v2\/comments?post=281"}],"version-history":[{"count":10,"href":"https:\/\/www.rudolf-schoen-weg.at\/index.php\/wp-json\/wp\/v2\/pages\/281\/revisions"}],"predecessor-version":[{"id":942,"href":"https:\/\/www.rudolf-schoen-weg.at\/index.php\/wp-json\/wp\/v2\/pages\/281\/revisions\/942"}],"up":[{"embeddable":true,"href":"https:\/\/www.rudolf-schoen-weg.at\/index.php\/wp-json\/wp\/v2\/pages\/2"}],"wp:attachment":[{"href":"https:\/\/www.rudolf-schoen-weg.at\/index.php\/wp-json\/wp\/v2\/media?parent=281"}],"curies":[{"name":"wp","href":"https:\/\/api.w.org\/{rel}","templated":true}]}}