{"id":290,"date":"2025-10-06T11:11:43","date_gmt":"2025-10-06T11:11:43","guid":{"rendered":"https:\/\/rudolf-schoen-weg.at\/wordpress\/?page_id=290"},"modified":"2025-12-23T08:47:34","modified_gmt":"2025-12-23T07:47:34","slug":"gtb","status":"publish","type":"page","link":"https:\/\/www.rudolf-schoen-weg.at\/index.php\/unsere-schule\/gtb\/","title":{"rendered":"GTB"},"content":{"rendered":"\n<div class=\"wp-block-columns alignwide has-border-color has-custom-ffeda-5-background-color has-background is-layout-flex wp-container-core-columns-is-layout-44468703 wp-block-columns-is-layout-flex\" style=\"border-color:#f2f4f3;border-width:1px;border-top-left-radius:16px;border-top-right-radius:16px;border-bottom-left-radius:16px;border-bottom-right-radius:16px;padding-top:var(--wp--preset--spacing--10);padding-right:var(--wp--preset--spacing--10);padding-bottom:var(--wp--preset--spacing--10);padding-left:var(--wp--preset--spacing--10);box-shadow:var(--wp--preset--shadow--natural)\">\n<div class=\"wp-block-column is-layout-flow wp-block-column-is-layout-flow\">\n<p>GTB steht f\u00fcr ganzt\u00e4gige Betreuung.<\/p>\n\n\n\n<p>In offenen Ganztagsschulen ist zuerst Unterricht und danach, falls gew\u00fcnscht, an <strong>mindestens 3 <\/strong>Nachmittagen pro Woche betreute Lern- und Freizeit. Die Wochentage f\u00fcr die Betreuung sind frei w\u00e4hlbar.<\/p>\n\n\n\n<p>Seit Herbst 2023 ist auch an offenen Ganztagsschulen ein ausgewogenes und warmes <strong>Mittagessen kostenlos<\/strong>. <\/p>\n<\/div>\n<\/div>\n\n\n\n<h3 class=\"wp-block-heading alignwide\">Offene Schule bedeutet ganzt\u00e4gige Betreuung mit sehr gro\u00dfer Flexibilit\u00e4t<\/h3>\n\n\n\n<div class=\"wp-block-columns alignwide has-border-color has-custom-99-e-5-c-0-background-color has-background is-layout-flex wp-container-core-columns-is-layout-44468703 wp-block-columns-is-layout-flex\" style=\"border-color:#f2f4f3;border-width:1px;border-top-left-radius:16px;border-top-right-radius:16px;border-bottom-left-radius:16px;border-bottom-right-radius:16px;padding-top:var(--wp--preset--spacing--10);padding-right:var(--wp--preset--spacing--10);padding-bottom:var(--wp--preset--spacing--10);padding-left:var(--wp--preset--spacing--10);box-shadow:var(--wp--preset--shadow--natural)\">\n<div class=\"wp-block-column is-layout-flow wp-block-column-is-layout-flow\">\n<ul class=\"wp-block-list\">\n<li>ganzt\u00e4gige Betreuung \u2013 auf Wunsch bis l\u00e4ngstens 16.40, Freitag bis l\u00e4ngstens 15.45 \u2013 aber auch k\u00fcrzere Nachmittage sind m\u00f6glich<\/li>\n\n\n\n<li>Auswahl der gew\u00fcnschten Betreuungstage (mindestens 3 Tage\/Woche)<\/li>\n\n\n\n<li>Auswahl der t\u00e4glichen Betreuungszeit<\/li>\n\n\n\n<li>Angebot einer t\u00e4glichen gegenstandsbezogenen LERNZEIT (Mathematik, Deutsch, Englisch) \u2013 von LehrerInnen gehalten<\/li>\n\n\n\n<li>Angebot einer gro\u00dfen Anzahl von Unverbindlichen \u00dcbungen f\u00fcr verschiedenste Interessensbereiche<\/li>\n\n\n\n<li>t\u00e4glich ein abwechslungsreiches Mittagessen \u2013 bei Sch\u00f6nwetter auf der Gartenterrasse<\/li>\n\n\n\n<li>Fitness und Freizeit in bestens ausgestatteten Freizeitr\u00e4umen<\/li>\n\n\n\n<li>Nutzung des 7000m\u00b2 gro\u00dfen Schulgartens inklusive Sportanlage (Fu\u00dfball \u2013 Tennis \u2013 Basketball)<\/li>\n\n\n\n<li>Erm\u00e4\u00dfigungen des Essens- und Betreuungsbeitrages m\u00f6glich \u2013 bis zu einem Freiplatz<\/li>\n<\/ul>\n<\/div>\n<\/div>\n","protected":false},"excerpt":{"rendered":"<p>GTB steht f\u00fcr ganzt\u00e4gige Betreuung. In offenen Ganztagsschulen ist zuerst Unterricht und danach, falls gew\u00fcnscht, an mindestens 3 Nachmittagen pro Woche betreute Lern- und Freizeit. Die Wochentage f\u00fcr die Betreuung [&hellip;]<\/p>\n","protected":false},"author":1,"featured_media":0,"parent":240,"menu_order":1,"comment_status":"closed","ping_status":"closed","template":"","meta":{"_EventAllDay":false,"_EventTimezone":"","_EventStartDate":"","_EventEndDate":"","_EventStartDateUTC":"","_EventEndDateUTC":"","_EventShowMap":false,"_EventShowMapLink":false,"_EventURL":"","_EventCost":"","_EventCostDescription":"","_EventCurrencySymbol":"","_EventCurrencyCode":"","_EventCurrencyPosition":"","_EventDateTimeSeparator":"","_EventTimeRangeSeparator":"","_EventOrganizerID":[],"_EventVenueID":[],"_OrganizerEmail":"","_OrganizerPhone":"","_OrganizerWebsite":"","_VenueAddress":"","_VenueCity":"","_VenueCountry":"","_VenueProvince":"","_VenueState":"","_VenueZip":"","_VenuePhone":"","_VenueURL":"","_VenueStateProvince":"","_VenueLat":"","_VenueLng":"","_VenueShowMap":false,"_VenueShowMapLink":false,"footnotes":""},"class_list":["post-290","page","type-page","status-publish","hentry"],"_links":{"self":[{"href":"https:\/\/www.rudolf-schoen-weg.at\/index.php\/wp-json\/wp\/v2\/pages\/290","targetHints":{"allow":["GET"]}}],"collection":[{"href":"https:\/\/www.rudolf-schoen-weg.at\/index.php\/wp-json\/wp\/v2\/pages"}],"about":[{"href":"https:\/\/www.rudolf-schoen-weg.at\/index.php\/wp-json\/wp\/v2\/types\/page"}],"author":[{"embeddable":true,"href":"https:\/\/www.rudolf-schoen-weg.at\/index.php\/wp-json\/wp\/v2\/users\/1"}],"replies":[{"embeddable":true,"href":"https:\/\/www.rudolf-schoen-weg.at\/index.php\/wp-json\/wp\/v2\/comments?post=290"}],"version-history":[{"count":8,"href":"https:\/\/www.rudolf-schoen-weg.at\/index.php\/wp-json\/wp\/v2\/pages\/290\/revisions"}],"predecessor-version":[{"id":948,"href":"https:\/\/www.rudolf-schoen-weg.at\/index.php\/wp-json\/wp\/v2\/pages\/290\/revisions\/948"}],"up":[{"embeddable":true,"href":"https:\/\/www.rudolf-schoen-weg.at\/index.php\/wp-json\/wp\/v2\/pages\/240"}],"wp:attachment":[{"href":"https:\/\/www.rudolf-schoen-weg.at\/index.php\/wp-json\/wp\/v2\/media?parent=290"}],"curies":[{"name":"wp","href":"https:\/\/api.w.org\/{rel}","templated":true}]}}