{"id":294,"date":"2025-10-06T11:13:19","date_gmt":"2025-10-06T11:13:19","guid":{"rendered":"https:\/\/rudolf-schoen-weg.at\/wordpress\/?page_id=294"},"modified":"2025-12-11T09:39:34","modified_gmt":"2025-12-11T09:39:34","slug":"unverbindliche-uebungen","status":"publish","type":"page","link":"https:\/\/www.rudolf-schoen-weg.at\/index.php\/unsere-schule\/unverbindliche-uebungen\/","title":{"rendered":"Unverbindliche \u00dcbungen"},"content":{"rendered":"\n<div class=\"wp-block-group alignfull has-global-padding is-layout-constrained wp-container-core-group-is-layout-b25ccd55 wp-block-group-is-layout-constrained\" style=\"margin-top:0;margin-bottom:0;padding-top:var(--wp--preset--spacing--50);padding-right:var(--wp--preset--spacing--50);padding-bottom:var(--wp--preset--spacing--50);padding-left:var(--wp--preset--spacing--50)\">\n<div class=\"wp-block-columns alignwide is-layout-flex wp-container-core-columns-is-layout-ff4b9c61 wp-block-columns-is-layout-flex\" style=\"margin-top:0;margin-bottom:0\">\n<div class=\"wp-block-column is-layout-flow wp-container-core-column-is-layout-8a368f38 wp-block-column-is-layout-flow\">\n<h2 class=\"wp-block-heading has-text-align-center\" style=\"font-size:clamp(28.836px, 1.802rem + ((1vw - 3.2px) * 2.205), 50px);\">Sport, Spiel und Spa\u00df im Freizeitbereich<\/h2>\n\n\n\n<figure class=\"wp-block-image size-large is-style-rounded is-style-rounded--1\"><img loading=\"lazy\" decoding=\"async\" width=\"768\" height=\"1024\" src=\"https:\/\/rudolf-schoen-weg.at\/\/wp-content\/uploads\/2025\/12\/WhatsApp-Bild-2025-12-04-um-20.59.51_189c232c-768x1024.jpg\" alt=\"\" class=\"wp-image-837\" style=\"aspect-ratio:4\/3;object-fit:cover\" srcset=\"https:\/\/www.rudolf-schoen-weg.at\/wp-content\/uploads\/2025\/12\/WhatsApp-Bild-2025-12-04-um-20.59.51_189c232c-768x1024.jpg 768w, https:\/\/www.rudolf-schoen-weg.at\/wp-content\/uploads\/2025\/12\/WhatsApp-Bild-2025-12-04-um-20.59.51_189c232c-225x300.jpg 225w, https:\/\/www.rudolf-schoen-weg.at\/wp-content\/uploads\/2025\/12\/WhatsApp-Bild-2025-12-04-um-20.59.51_189c232c-1152x1536.jpg 1152w, https:\/\/www.rudolf-schoen-weg.at\/wp-content\/uploads\/2025\/12\/WhatsApp-Bild-2025-12-04-um-20.59.51_189c232c-1536x2048.jpg 1536w, https:\/\/www.rudolf-schoen-weg.at\/wp-content\/uploads\/2025\/12\/WhatsApp-Bild-2025-12-04-um-20.59.51_189c232c-scaled.jpg 1920w\" sizes=\"auto, (max-width: 768px) 100vw, 768px\" \/><\/figure>\n\n\n\n<div style=\"height:36px\" aria-hidden=\"true\" class=\"wp-block-spacer\"><\/div>\n\n\n\n<p style=\"font-size:clamp(16.293px, 1.018rem + ((1vw - 3.2px) * 0.907), 25px);\">In dieser <strong>Unverbindlichen \u00dcbung<\/strong> k\u00f6nnen sich die Sch\u00fcler:innen so richtig austoben \u2013 ob am <strong>Sportplatz<\/strong>, bei den <strong>Tischtennistischen<\/strong>, im <strong>gro\u00dfen Garten<\/strong>, auf dem <strong>Spielplatz<\/strong> oder an den Sitzbereichen. Sie gestalten ihre eigenen Spiele, probieren Neues aus und genie\u00dfen einfach die <strong>Freiheit an der frischen Luft<\/strong>, genau das zu tun, worauf sie gerade Lust haben.<\/p>\n\n\n\n<div style=\"height:92px\" aria-hidden=\"true\" class=\"wp-block-spacer\"><\/div>\n\n\n\n<h2 class=\"wp-block-heading has-text-align-center\" style=\"font-size:clamp(28.836px, 1.802rem + ((1vw - 3.2px) * 2.205), 50px);\">Ultimate Frisbee<\/h2>\n\n\n\n<figure class=\"wp-block-image size-large is-style-rounded is-style-rounded--2\"><img loading=\"lazy\" decoding=\"async\" width=\"1024\" height=\"1021\" src=\"https:\/\/rudolf-schoen-weg.at\/\/wp-content\/uploads\/2025\/12\/WhatsApp-Bild-2025-12-04-um-21.00.38_e4574bf8-1024x1021.jpg\" alt=\"\" class=\"wp-image-836\" style=\"aspect-ratio:3\/4;object-fit:cover\" srcset=\"https:\/\/www.rudolf-schoen-weg.at\/wp-content\/uploads\/2025\/12\/WhatsApp-Bild-2025-12-04-um-21.00.38_e4574bf8-1024x1021.jpg 1024w, https:\/\/www.rudolf-schoen-weg.at\/wp-content\/uploads\/2025\/12\/WhatsApp-Bild-2025-12-04-um-21.00.38_e4574bf8-300x300.jpg 300w, https:\/\/www.rudolf-schoen-weg.at\/wp-content\/uploads\/2025\/12\/WhatsApp-Bild-2025-12-04-um-21.00.38_e4574bf8-150x150.jpg 150w, https:\/\/www.rudolf-schoen-weg.at\/wp-content\/uploads\/2025\/12\/WhatsApp-Bild-2025-12-04-um-21.00.38_e4574bf8-768x766.jpg 768w, https:\/\/www.rudolf-schoen-weg.at\/wp-content\/uploads\/2025\/12\/WhatsApp-Bild-2025-12-04-um-21.00.38_e4574bf8-1536x1532.jpg 1536w, https:\/\/www.rudolf-schoen-weg.at\/wp-content\/uploads\/2025\/12\/WhatsApp-Bild-2025-12-04-um-21.00.38_e4574bf8.jpg 1600w\" sizes=\"auto, (max-width: 1024px) 100vw, 1024px\" \/><\/figure>\n\n\n\n<div style=\"height:44px\" aria-hidden=\"true\" class=\"wp-block-spacer\"><\/div>\n\n\n\n<p style=\"font-size:clamp(16.293px, 1.018rem + ((1vw - 3.2px) * 0.907), 25px);\"><strong>Ultimate Frisbee<\/strong> hat an unserer Schule einen besonders hohen Stellenwert. Wir treten regelm\u00e4\u00dfig bei den <strong>Bezirks- und Wiener Schulmeisterschaften<\/strong> an \u2013 und unser Kollege <strong>Hr. Waxmund<\/strong> ist sogar dar\u00fcber hinaus auf privaten Turnieren aktiv.<br>F\u00fcr all das wird selbstverst\u00e4ndlich ordentlich trainiert: <strong>w\u00f6chentlich zwei Stunden<\/strong> voller Technik, Teamgeist und Tempo.<\/p>\n\n\n\n<div style=\"height:100px\" aria-hidden=\"true\" class=\"wp-block-spacer\"><\/div>\n\n\n\n<h2 class=\"wp-block-heading has-text-align-center\" style=\"font-size:clamp(28.836px, 1.802rem + ((1vw - 3.2px) * 2.205), 50px);\">Fitness<\/h2>\n\n\n\n<figure class=\"wp-block-image size-large is-style-rounded is-style-rounded--3\"><img loading=\"lazy\" decoding=\"async\" width=\"1024\" height=\"682\" src=\"https:\/\/rudolf-schoen-weg.at\/\/wp-content\/uploads\/2025\/12\/WhatsApp-Bild-2025-12-11-um-10.36.59_0aa59914-1024x682.jpg\" alt=\"\" class=\"wp-image-866\" style=\"aspect-ratio:3\/4;object-fit:cover\" srcset=\"https:\/\/www.rudolf-schoen-weg.at\/wp-content\/uploads\/2025\/12\/WhatsApp-Bild-2025-12-11-um-10.36.59_0aa59914-1024x682.jpg 1024w, https:\/\/www.rudolf-schoen-weg.at\/wp-content\/uploads\/2025\/12\/WhatsApp-Bild-2025-12-11-um-10.36.59_0aa59914-300x200.jpg 300w, https:\/\/www.rudolf-schoen-weg.at\/wp-content\/uploads\/2025\/12\/WhatsApp-Bild-2025-12-11-um-10.36.59_0aa59914-768x512.jpg 768w, https:\/\/www.rudolf-schoen-weg.at\/wp-content\/uploads\/2025\/12\/WhatsApp-Bild-2025-12-11-um-10.36.59_0aa59914-1536x1023.jpg 1536w, https:\/\/www.rudolf-schoen-weg.at\/wp-content\/uploads\/2025\/12\/WhatsApp-Bild-2025-12-11-um-10.36.59_0aa59914.jpg 1600w\" sizes=\"auto, (max-width: 1024px) 100vw, 1024px\" \/><\/figure>\n\n\n\n<div style=\"height:37px\" aria-hidden=\"true\" class=\"wp-block-spacer\"><\/div>\n\n\n\n<p style=\"font-size:clamp(16.293px, 1.018rem + ((1vw - 3.2px) * 0.907), 25px);\"><strong>Fitness<\/strong> bedeutet bei uns: volle Power im <strong>Kraftraum<\/strong>. Die Sch\u00fcler:innen trainieren gezielt ihre Muskulatur und nutzen die top ausgestatteten Ger\u00e4te, um <strong>individuell an ihrer St\u00e4rke und Ausdauer<\/strong> zu arbeiten. Und nat\u00fcrlich steht immer wieder auch ein <strong>gemeinsames Workout<\/strong> auf dem Programm \u2013 f\u00fcr extra Motivation und richtig guten Muskelkater.<\/p>\n\n\n\n<div style=\"height:100px\" aria-hidden=\"true\" class=\"wp-block-spacer\"><\/div>\n\n\n\n<div class=\"wp-block-columns is-layout-flex wp-container-core-columns-is-layout-28f84493 wp-block-columns-is-layout-flex\">\n<div class=\"wp-block-column is-layout-flow wp-block-column-is-layout-flow\">\n<h2 class=\"wp-block-heading has-text-align-center\" style=\"font-size:clamp(28.836px, 1.802rem + ((1vw - 3.2px) * 2.205), 50px);\">Power Play<\/h2>\n\n\n\n<figure class=\"wp-block-image size-large\"><img loading=\"lazy\" decoding=\"async\" width=\"768\" height=\"1024\" src=\"https:\/\/rudolf-schoen-weg.at\/\/wp-content\/uploads\/2025\/12\/IMG_0941-1-768x1024.jpeg\" alt=\"\" class=\"wp-image-834\" srcset=\"https:\/\/www.rudolf-schoen-weg.at\/wp-content\/uploads\/2025\/12\/IMG_0941-1-768x1024.jpeg 768w, https:\/\/www.rudolf-schoen-weg.at\/wp-content\/uploads\/2025\/12\/IMG_0941-1-225x300.jpeg 225w, https:\/\/www.rudolf-schoen-weg.at\/wp-content\/uploads\/2025\/12\/IMG_0941-1-1152x1536.jpeg 1152w, https:\/\/www.rudolf-schoen-weg.at\/wp-content\/uploads\/2025\/12\/IMG_0941-1-1536x2048.jpeg 1536w, https:\/\/www.rudolf-schoen-weg.at\/wp-content\/uploads\/2025\/12\/IMG_0941-1-scaled.jpeg 1920w\" sizes=\"auto, (max-width: 768px) 100vw, 768px\" \/><\/figure>\n\n\n\n<div style=\"height:13px\" aria-hidden=\"true\" class=\"wp-block-spacer\"><\/div>\n\n\n\n<p style=\"font-size:clamp(16.293px, 1.018rem + ((1vw - 3.2px) * 0.907), 25px);\">Bei <strong>Power Play<\/strong> werden unsere Sch\u00fcler:innen gezielt auf die bevorstehenden <strong>Sportwettk\u00e4mpfe<\/strong> vorbereitet \u2013 allen voran den <strong>Floridsdorfer Supercup<\/strong>. Auf dem Trainingsplan stehen <strong>Laufen, Padel, Schwimmen, Faustball, Badminton, Tischtennis<\/strong> und <strong>Orientierungslauf<\/strong> uvm. <br>Mit individuell abgestimmtem <strong>Einzelcoaching<\/strong> holst du das Beste aus dir heraus und wirst von Woche zu Woche st\u00e4rker.<\/p>\n<\/div>\n<\/div>\n<\/div>\n\n\n\n<div class=\"wp-block-column is-layout-flow wp-container-core-column-is-layout-8a368f38 wp-block-column-is-layout-flow\">\n<div style=\"height:var(--wp--preset--spacing--50)\" aria-hidden=\"true\" class=\"wp-block-spacer\"><\/div>\n\n\n\n<h2 class=\"wp-block-heading has-text-align-center\" style=\"font-size:clamp(28.836px, 1.802rem + ((1vw - 3.2px) * 2.205), 50px);\">Art Attack<\/h2>\n\n\n\n<figure class=\"wp-block-image size-large is-style-rounded is-style-rounded--4\"><img loading=\"lazy\" decoding=\"async\" width=\"768\" height=\"1024\" src=\"https:\/\/rudolf-schoen-weg.at\/\/wp-content\/uploads\/2025\/12\/Art-Attack-768x1024.jpg\" alt=\"\" class=\"wp-image-835\" style=\"aspect-ratio:3\/4;object-fit:cover\" srcset=\"https:\/\/www.rudolf-schoen-weg.at\/wp-content\/uploads\/2025\/12\/Art-Attack-768x1024.jpg 768w, https:\/\/www.rudolf-schoen-weg.at\/wp-content\/uploads\/2025\/12\/Art-Attack-225x300.jpg 225w, https:\/\/www.rudolf-schoen-weg.at\/wp-content\/uploads\/2025\/12\/Art-Attack-1152x1536.jpg 1152w, https:\/\/www.rudolf-schoen-weg.at\/wp-content\/uploads\/2025\/12\/Art-Attack.jpg 1200w\" sizes=\"auto, (max-width: 768px) 100vw, 768px\" \/><\/figure>\n\n\n\n<div style=\"height:55px\" aria-hidden=\"true\" class=\"wp-block-spacer\"><\/div>\n\n\n\n<p style=\"font-size:clamp(16.293px, 1.018rem + ((1vw - 3.2px) * 0.907), 25px);\"><strong>Art Attack<\/strong> bietet unseren Sch\u00fcler:innen jede Woche eine volle Stunde, um ihrer Kreativit\u00e4t freien Lauf zu lassen. Passend zur Jahreszeit wird zu wechselnden Themen <strong>kreiert, gebastelt, geformt, geh\u00e4mmert<\/strong> \u2013 kurz gesagt: alles, was Spa\u00df macht und Fantasie zum Leben erweckt.<\/p>\n\n\n\n<div style=\"height:100px\" aria-hidden=\"true\" class=\"wp-block-spacer\"><\/div>\n\n\n\n<h2 class=\"wp-block-heading has-text-align-center has-contrast-color has-text-color has-link-color wp-elements-d1416c3bf1b5bbfda35daff5ac9c051b\" style=\"font-size:clamp(28.836px, 1.802rem + ((1vw - 3.2px) * 2.205), 50px);\">Radfahren<\/h2>\n\n\n\n<figure class=\"wp-block-image size-large\"><img loading=\"lazy\" decoding=\"async\" width=\"769\" height=\"1024\" src=\"https:\/\/rudolf-schoen-weg.at\/\/wp-content\/uploads\/2025\/12\/WhatsApp-Bild-2025-12-04-um-20.27.57_13e39f7e-769x1024.jpg\" alt=\"\" class=\"wp-image-830\" srcset=\"https:\/\/www.rudolf-schoen-weg.at\/wp-content\/uploads\/2025\/12\/WhatsApp-Bild-2025-12-04-um-20.27.57_13e39f7e-769x1024.jpg 769w, https:\/\/www.rudolf-schoen-weg.at\/wp-content\/uploads\/2025\/12\/WhatsApp-Bild-2025-12-04-um-20.27.57_13e39f7e-225x300.jpg 225w, https:\/\/www.rudolf-schoen-weg.at\/wp-content\/uploads\/2025\/12\/WhatsApp-Bild-2025-12-04-um-20.27.57_13e39f7e-768x1023.jpg 768w, https:\/\/www.rudolf-schoen-weg.at\/wp-content\/uploads\/2025\/12\/WhatsApp-Bild-2025-12-04-um-20.27.57_13e39f7e-1153x1536.jpg 1153w, https:\/\/www.rudolf-schoen-weg.at\/wp-content\/uploads\/2025\/12\/WhatsApp-Bild-2025-12-04-um-20.27.57_13e39f7e.jpg 1537w\" sizes=\"auto, (max-width: 769px) 100vw, 769px\" \/><\/figure>\n\n\n\n<div style=\"height:0px\" aria-hidden=\"true\" class=\"wp-block-spacer\"><\/div>\n\n\n\n<div style=\"height:31px\" aria-hidden=\"true\" class=\"wp-block-spacer\"><\/div>\n\n\n\n<p style=\"font-size:clamp(16.293px, 1.018rem + ((1vw - 3.2px) * 0.907), 25px);\">In der unverbindlichen \u00dcbung <strong>Radfahren<\/strong> sind wir jede Woche rund <strong>zwei Stunden auf zwei R\u00e4dern unterwegs<\/strong> \u2013 fast egal, wie das Wetter aussieht. Unsere Lieblingsstrecken? Die Donauinsel, die Alte Donau und der Marchfeldkanal. Und wenn\u2019s uns packt, legen wir einen kurzen Stopp auf der <strong>Pump Ride<\/strong> ein \u2013 immer ein Highlight.<\/p>\n\n\n\n<div style=\"height:64px\" aria-hidden=\"true\" class=\"wp-block-spacer\"><\/div>\n\n\n\n<h2 class=\"wp-block-heading has-text-align-center\" style=\"font-size:clamp(28.836px, 1.802rem + ((1vw - 3.2px) * 2.205), 50px);\">Fu\u00dfball<\/h2>\n\n\n\n<figure class=\"wp-block-image size-large is-style-rounded is-style-rounded--5\"><img loading=\"lazy\" decoding=\"async\" width=\"1024\" height=\"768\" src=\"https:\/\/rudolf-schoen-weg.at\/\/wp-content\/uploads\/2025\/12\/a4b29aff-0fe9-4e06-8090-ca01da09fd1f-1024x768.jpg\" alt=\"\" class=\"wp-image-839\" style=\"aspect-ratio:1;object-fit:cover\" srcset=\"https:\/\/www.rudolf-schoen-weg.at\/wp-content\/uploads\/2025\/12\/a4b29aff-0fe9-4e06-8090-ca01da09fd1f-1024x768.jpg 1024w, https:\/\/www.rudolf-schoen-weg.at\/wp-content\/uploads\/2025\/12\/a4b29aff-0fe9-4e06-8090-ca01da09fd1f-300x225.jpg 300w, https:\/\/www.rudolf-schoen-weg.at\/wp-content\/uploads\/2025\/12\/a4b29aff-0fe9-4e06-8090-ca01da09fd1f-768x576.jpg 768w, https:\/\/www.rudolf-schoen-weg.at\/wp-content\/uploads\/2025\/12\/a4b29aff-0fe9-4e06-8090-ca01da09fd1f-1536x1152.jpg 1536w, https:\/\/www.rudolf-schoen-weg.at\/wp-content\/uploads\/2025\/12\/a4b29aff-0fe9-4e06-8090-ca01da09fd1f-2048x1536.jpg 2048w\" sizes=\"auto, (max-width: 1024px) 100vw, 1024px\" \/><\/figure>\n\n\n\n<div style=\"height:56px\" aria-hidden=\"true\" class=\"wp-block-spacer\"><\/div>\n\n\n\n<p style=\"font-size:clamp(16.293px, 1.018rem + ((1vw - 3.2px) * 0.907), 25px);\">In dieser Unverbindlichen \u00dcbung werden <strong>Balltechnik<\/strong>, <strong>Positionsspiel<\/strong> und nat\u00fcrlich der <strong>Spa\u00df am Spiel<\/strong> gro\u00dfgeschrieben. Einmal pro Woche wird eine Stunde lang trainiert \u2013 im Schulgarten auf dem Hartplatz, im Winter in der Halle. Ein besonderes Highlight ist jedes Jahr unser <strong>internes Turnier<\/strong>, bei dem alle zeigen k\u00f6nnen, was in ihnen steckt.<\/p>\n\n\n\n<div style=\"height:65px\" aria-hidden=\"true\" class=\"wp-block-spacer\"><\/div>\n\n\n\n<h2 class=\"wp-block-heading has-text-align-center\" style=\"font-size:clamp(28.836px, 1.802rem + ((1vw - 3.2px) * 2.205), 50px);\">Volleyball<\/h2>\n\n\n\n<div style=\"height:16px\" aria-hidden=\"true\" class=\"wp-block-spacer\"><\/div>\n\n\n\n<figure class=\"wp-block-image size-large\"><img loading=\"lazy\" decoding=\"async\" width=\"682\" height=\"1024\" src=\"https:\/\/rudolf-schoen-weg.at\/\/wp-content\/uploads\/2025\/12\/WhatsApp-Bild-2025-12-11-um-10.36.58_d656021c-682x1024.jpg\" alt=\"\" class=\"wp-image-868\" srcset=\"https:\/\/www.rudolf-schoen-weg.at\/wp-content\/uploads\/2025\/12\/WhatsApp-Bild-2025-12-11-um-10.36.58_d656021c-682x1024.jpg 682w, https:\/\/www.rudolf-schoen-weg.at\/wp-content\/uploads\/2025\/12\/WhatsApp-Bild-2025-12-11-um-10.36.58_d656021c-200x300.jpg 200w, https:\/\/www.rudolf-schoen-weg.at\/wp-content\/uploads\/2025\/12\/WhatsApp-Bild-2025-12-11-um-10.36.58_d656021c-768x1153.jpg 768w, https:\/\/www.rudolf-schoen-weg.at\/wp-content\/uploads\/2025\/12\/WhatsApp-Bild-2025-12-11-um-10.36.58_d656021c-1023x1536.jpg 1023w, https:\/\/www.rudolf-schoen-weg.at\/wp-content\/uploads\/2025\/12\/WhatsApp-Bild-2025-12-11-um-10.36.58_d656021c.jpg 1066w\" sizes=\"auto, (max-width: 682px) 100vw, 682px\" \/><\/figure>\n\n\n\n<div style=\"height:52px\" aria-hidden=\"true\" class=\"wp-block-spacer\"><\/div>\n\n\n\n<p style=\"font-size:clamp(16.293px, 1.018rem + ((1vw - 3.2px) * 0.907), 25px);\">Einmal pro Woche wird eine Stunde lang intensiv an den wichtigsten <strong>Balltechniken<\/strong> gefeilt \u2013 vom <strong>Aufschlag<\/strong> \u00fcber <strong>Zuspiel<\/strong> und <strong>Angriff<\/strong> bis hin zu <strong>Block<\/strong> und <strong>Abwehr<\/strong>.<br>Ein besonderes Highlight wartet am Ende des Schuljahres: unser gro\u00dfes <strong>Volleyballturnier<\/strong>, bei dem alle zeigen k\u00f6nnen, was sie draufhaben.<\/p>\n<\/div>\n<\/div>\n<\/div>\n","protected":false},"excerpt":{"rendered":"<p>Sport, Spiel und Spa\u00df im Freizeitbereich In dieser Unverbindlichen \u00dcbung k\u00f6nnen sich die Sch\u00fcler:innen so richtig austoben \u2013 ob am Sportplatz, bei den Tischtennistischen, im gro\u00dfen Garten, auf dem Spielplatz [&hellip;]<\/p>\n","protected":false},"author":1,"featured_media":0,"parent":240,"menu_order":2,"comment_status":"closed","ping_status":"closed","template":"","meta":{"_EventAllDay":false,"_EventTimezone":"","_EventStartDate":"","_EventEndDate":"","_EventStartDateUTC":"","_EventEndDateUTC":"","_EventShowMap":false,"_EventShowMapLink":false,"_EventURL":"","_EventCost":"","_EventCostDescription":"","_EventCurrencySymbol":"","_EventCurrencyCode":"","_EventCurrencyPosition":"","_EventDateTimeSeparator":"","_EventTimeRangeSeparator":"","_EventOrganizerID":[],"_EventVenueID":[],"_OrganizerEmail":"","_OrganizerPhone":"","_OrganizerWebsite":"","_VenueAddress":"","_VenueCity":"","_VenueCountry":"","_VenueProvince":"","_VenueState":"","_VenueZip":"","_VenuePhone":"","_VenueURL":"","_VenueStateProvince":"","_VenueLat":"","_VenueLng":"","_VenueShowMap":false,"_VenueShowMapLink":false,"footnotes":""},"class_list":["post-294","page","type-page","status-publish","hentry"],"_links":{"self":[{"href":"https:\/\/www.rudolf-schoen-weg.at\/index.php\/wp-json\/wp\/v2\/pages\/294","targetHints":{"allow":["GET"]}}],"collection":[{"href":"https:\/\/www.rudolf-schoen-weg.at\/index.php\/wp-json\/wp\/v2\/pages"}],"about":[{"href":"https:\/\/www.rudolf-schoen-weg.at\/index.php\/wp-json\/wp\/v2\/types\/page"}],"author":[{"embeddable":true,"href":"https:\/\/www.rudolf-schoen-weg.at\/index.php\/wp-json\/wp\/v2\/users\/1"}],"replies":[{"embeddable":true,"href":"https:\/\/www.rudolf-schoen-weg.at\/index.php\/wp-json\/wp\/v2\/comments?post=294"}],"version-history":[{"count":7,"href":"https:\/\/www.rudolf-schoen-weg.at\/index.php\/wp-json\/wp\/v2\/pages\/294\/revisions"}],"predecessor-version":[{"id":869,"href":"https:\/\/www.rudolf-schoen-weg.at\/index.php\/wp-json\/wp\/v2\/pages\/294\/revisions\/869"}],"up":[{"embeddable":true,"href":"https:\/\/www.rudolf-schoen-weg.at\/index.php\/wp-json\/wp\/v2\/pages\/240"}],"wp:attachment":[{"href":"https:\/\/www.rudolf-schoen-weg.at\/index.php\/wp-json\/wp\/v2\/media?parent=294"}],"curies":[{"name":"wp","href":"https:\/\/api.w.org\/{rel}","templated":true}]}}