{"id":304,"date":"2025-10-06T11:22:44","date_gmt":"2025-10-06T11:22:44","guid":{"rendered":"https:\/\/rudolf-schoen-weg.at\/wordpress\/?page_id=304"},"modified":"2026-04-10T17:22:06","modified_gmt":"2026-04-10T16:22:06","slug":"wiener-bildungsversprechen","status":"publish","type":"page","link":"https:\/\/www.rudolf-schoen-weg.at\/index.php\/unsere-schule\/wiener-bildungsversprechen\/","title":{"rendered":"Wiener Bildungsversprechen"},"content":{"rendered":"\n<div class=\"wp-block-columns alignwide is-layout-flex wp-container-core-columns-is-layout-28f84493 wp-block-columns-is-layout-flex\">\n<div class=\"wp-block-column is-layout-flow wp-block-column-is-layout-flow\" style=\"flex-basis:66.66%\">\n<p style=\"font-size:clamp(17.371px, 1.086rem + ((1vw - 3.2px) * 1.003), 27px);\"><strong>Dankbare Teilnahme am Wiener Bildungsversprechen im Jahr 2023-2025<\/strong><\/p>\n\n\n\n<p>Wir freuen uns sehr, Teil des Wiener Bildungsversprechens zu sein und diesen wichtigen Entwicklungsschritt gemeinsam gegangen zu sein.<\/p>\n\n\n\n<p>Das Wiener Bildungsversprechen wurde im Jahr 2022 als Teil der Wiener Bildungsoffensive ins Leben gerufen. Es begleitet Wiener Pflichtschulen in ihrer nachhaltigen und eigenverantwortlichen Schulentwicklung und wird in Kooperation mit der P\u00e4dagogischen Hochschule Wien sowie der Bildungsdirektion f\u00fcr Wien umgesetzt. Grundlage bildet der Qualit\u00e4tsrahmen f\u00fcr Schulen (QMS).<\/p>\n\n\n\n<p>Schulentwicklung verstanden wir als fortlaufenden Prozess. Aufbauend auf bisherigen Erfahrungen setzten wir bewusst neue Impulse, um unseren Standort gezielt weiterzuentwickeln. Umso bedeutender war es f\u00fcr uns, diesen Weg mit klaren Zielen und neuer Energie weiterzugehen.<\/p>\n\n\n\n<p>Im Zentrum unserer Weiterentwicklung standen zwei wesentliche Schwerpunkte:<\/p>\n\n\n\n<p>Zum einen gestalteten wir unseren Lebensraum Schule \u00f6kologisch und nachhaltig. Unser Ziel war es, eine gelebte Alltagskultur zu etablieren, in der Nachhaltigkeit selbstverst\u00e4ndlich verankert war und deren Aktivit\u00e4ten zu einem festen Bestandteil des schulischen Alltags wurden. Ein wichtiger Meilenstein dabei war die Erlangung des \u00d6KOLOG-Zertifikats.<\/p>\n\n\n\n<p>Zum anderen gestalteten wir den Lebensraum Schule so, dass sich Lernende und Lehrende in einem harmonischen Gleichgewicht begegneten. Besonderes Augenmerk lag dabei auf dem k\u00f6rperlichen und psychischen Wohlbefinden aller Beteiligten.<\/p>\n\n\n\n<p>Als Schulgemeinschaft entwickelten wir diese Schwerpunkte aktiv weiter und erarbeiteten gemeinsam mit dem Wiener Bildungsversprechen passende Strategien und Ma\u00dfnahmen zur Zielerreichung. Die Unterst\u00fctzung in Form von Beratung \u2013 sowohl f\u00fcr einzelne Lehrpersonen als auch f\u00fcr das gesamte Team \u2013 sowie die langfristige Begleitung waren f\u00fcr uns von gro\u00dfer Bedeutung und erm\u00f6glichten eine nachhaltige, eigenverantwortliche Schulentwicklung.<\/p>\n\n\n\n<p>Unser Standort bot gro\u00dfes Potenzial \u2013 durch ein engagiertes Lehrerteam, ein inspirierendes Schulgeb\u00e4ude und einen weitl\u00e4ufigen Au\u00dfenbereich. Die Teilnahme am Wiener Bildungsversprechen stellte f\u00fcr uns eine wertvolle Chance dar, unsere Schule nicht nur als Ort des Lernens und Lehrens, sondern auch als Ort des Wohlf\u00fchlens f\u00fcr alle Beteiligten weiterzuentwickeln.<\/p>\n\n\n\n<p>Wir waren dankbar f\u00fcr diese M\u00f6glichkeit und blickten mit Stolz auf die gemeinsame Zusammenarbeit zur\u00fcck.<\/p>\n<\/div>\n\n\n\n<div class=\"wp-block-column is-layout-flow wp-block-column-is-layout-flow\" style=\"flex-basis:33.33%\">\n<figure class=\"wp-block-image size-large\"><img loading=\"lazy\" decoding=\"async\" width=\"1024\" height=\"800\" src=\"https:\/\/www.rudolf-schoen-weg.at\/wp-content\/uploads\/2026\/04\/wbv-logo-1024x800.png\" alt=\"\" class=\"wp-image-1342\" srcset=\"https:\/\/www.rudolf-schoen-weg.at\/wp-content\/uploads\/2026\/04\/wbv-logo-1024x800.png 1024w, https:\/\/www.rudolf-schoen-weg.at\/wp-content\/uploads\/2026\/04\/wbv-logo-300x234.png 300w, https:\/\/www.rudolf-schoen-weg.at\/wp-content\/uploads\/2026\/04\/wbv-logo-768x600.png 768w, https:\/\/www.rudolf-schoen-weg.at\/wp-content\/uploads\/2026\/04\/wbv-logo.png 1158w\" sizes=\"auto, (max-width: 1024px) 100vw, 1024px\" \/><\/figure>\n<\/div>\n<\/div>\n","protected":false},"excerpt":{"rendered":"<p>Dankbare Teilnahme am Wiener Bildungsversprechen im Jahr 2023-2025 Wir freuen uns sehr, Teil des Wiener Bildungsversprechens zu sein und diesen wichtigen Entwicklungsschritt gemeinsam gegangen zu sein. Das Wiener Bildungsversprechen wurde [&hellip;]<\/p>\n","protected":false},"author":1,"featured_media":0,"parent":240,"menu_order":7,"comment_status":"closed","ping_status":"closed","template":"","meta":{"_EventAllDay":false,"_EventTimezone":"","_EventStartDate":"","_EventEndDate":"","_EventStartDateUTC":"","_EventEndDateUTC":"","_EventShowMap":false,"_EventShowMapLink":false,"_EventURL":"","_EventCost":"","_EventCostDescription":"","_EventCurrencySymbol":"","_EventCurrencyCode":"","_EventCurrencyPosition":"","_EventDateTimeSeparator":"","_EventTimeRangeSeparator":"","_EventOrganizerID":[],"_EventVenueID":[],"_OrganizerEmail":"","_OrganizerPhone":"","_OrganizerWebsite":"","_VenueAddress":"","_VenueCity":"","_VenueCountry":"","_VenueProvince":"","_VenueState":"","_VenueZip":"","_VenuePhone":"","_VenueURL":"","_VenueStateProvince":"","_VenueLat":"","_VenueLng":"","_VenueShowMap":false,"_VenueShowMapLink":false,"footnotes":""},"class_list":["post-304","page","type-page","status-publish","hentry"],"_links":{"self":[{"href":"https:\/\/www.rudolf-schoen-weg.at\/index.php\/wp-json\/wp\/v2\/pages\/304","targetHints":{"allow":["GET"]}}],"collection":[{"href":"https:\/\/www.rudolf-schoen-weg.at\/index.php\/wp-json\/wp\/v2\/pages"}],"about":[{"href":"https:\/\/www.rudolf-schoen-weg.at\/index.php\/wp-json\/wp\/v2\/types\/page"}],"author":[{"embeddable":true,"href":"https:\/\/www.rudolf-schoen-weg.at\/index.php\/wp-json\/wp\/v2\/users\/1"}],"replies":[{"embeddable":true,"href":"https:\/\/www.rudolf-schoen-weg.at\/index.php\/wp-json\/wp\/v2\/comments?post=304"}],"version-history":[{"count":2,"href":"https:\/\/www.rudolf-schoen-weg.at\/index.php\/wp-json\/wp\/v2\/pages\/304\/revisions"}],"predecessor-version":[{"id":1343,"href":"https:\/\/www.rudolf-schoen-weg.at\/index.php\/wp-json\/wp\/v2\/pages\/304\/revisions\/1343"}],"up":[{"embeddable":true,"href":"https:\/\/www.rudolf-schoen-weg.at\/index.php\/wp-json\/wp\/v2\/pages\/240"}],"wp:attachment":[{"href":"https:\/\/www.rudolf-schoen-weg.at\/index.php\/wp-json\/wp\/v2\/media?parent=304"}],"curies":[{"name":"wp","href":"https:\/\/api.w.org\/{rel}","templated":true}]}}