{"id":314,"date":"2025-10-06T11:30:03","date_gmt":"2025-10-06T11:30:03","guid":{"rendered":"https:\/\/rudolf-schoen-weg.at\/wordpress\/?page_id=314"},"modified":"2025-12-23T09:16:36","modified_gmt":"2025-12-23T08:16:36","slug":"projektwochen","status":"publish","type":"page","link":"https:\/\/www.rudolf-schoen-weg.at\/index.php\/projektwochen\/","title":{"rendered":"Projektwochen"},"content":{"rendered":"<ul style=\"border-color:#f2f4f3;border-top-left-radius:16px;border-top-right-radius:16px;border-bottom-left-radius:16px;border-bottom-right-radius:16px;border-width:1px; padding-top:var(--wp--preset--spacing--10);padding-bottom:var(--wp--preset--spacing--10);padding-left:var(--wp--preset--spacing--10);padding-right:var(--wp--preset--spacing--10);\" class=\"wp-block-latest-posts__list is-grid columns-3 alignwide wp-block-latest-posts has-background has-custom-99-e-5-c-0-background-color has-border-color\"><li><div class=\"wp-block-latest-posts__featured-image aligncenter\"><img loading=\"lazy\" decoding=\"async\" width=\"300\" height=\"226\" src=\"https:\/\/www.rudolf-schoen-weg.at\/wp-content\/uploads\/2026\/03\/17-4-300x226.jpeg\" class=\"attachment-medium size-medium wp-post-image\" alt=\"\" style=\"\" srcset=\"https:\/\/www.rudolf-schoen-weg.at\/wp-content\/uploads\/2026\/03\/17-4-300x226.jpeg 300w, https:\/\/www.rudolf-schoen-weg.at\/wp-content\/uploads\/2026\/03\/17-4-1024x771.jpeg 1024w, https:\/\/www.rudolf-schoen-weg.at\/wp-content\/uploads\/2026\/03\/17-4-768x578.jpeg 768w, https:\/\/www.rudolf-schoen-weg.at\/wp-content\/uploads\/2026\/03\/17-4-1536x1156.jpeg 1536w, https:\/\/www.rudolf-schoen-weg.at\/wp-content\/uploads\/2026\/03\/17-4.jpeg 1600w\" sizes=\"auto, (max-width: 300px) 100vw, 300px\" \/><\/div><a class=\"wp-block-latest-posts__post-title\" href=\"https:\/\/www.rudolf-schoen-weg.at\/index.php\/2026\/03\/26\/skikurs-3d-4d\/\">Skikurs 3D &amp; 4D \u26f7\ufe0f<\/a><div class=\"wp-block-latest-posts__post-excerpt\">Skikurs der 3D und 4D in der Ramsau am Dachstein Am 15. M\u00e4rz starteten unsere beiden Klassen 3D und 4D ihren Skikurs in die Ramsau am Dachstein. Bis Freitag, den 20. M\u00e4rz, verbrachten sie dort abwechslungsreiche und sportliche Tage im Schnee. Von Montag bis Mittwoch standen zahlreiche Abfahrten am Rittisberg auf dem Programm. Dabei konnten\u2026\u00a0<a class=\"wp-block-latest-posts__read-more\" href=\"https:\/\/www.rudolf-schoen-weg.at\/index.php\/2026\/03\/26\/skikurs-3d-4d\/\" rel=\"noopener noreferrer\"><span class=\"screen-reader-text\">Skikurs 3D &amp; 4D \u26f7\ufe0f <\/span>weiterlesen<\/a><\/div><\/li>\n<li><div class=\"wp-block-latest-posts__featured-image aligncenter\"><img loading=\"lazy\" decoding=\"async\" width=\"225\" height=\"300\" src=\"https:\/\/www.rudolf-schoen-weg.at\/wp-content\/uploads\/2026\/03\/WhatsApp-Image-2026-03-12-at-15.21.46-225x300.jpeg\" class=\"attachment-medium size-medium wp-post-image\" alt=\"\" style=\"\" srcset=\"https:\/\/www.rudolf-schoen-weg.at\/wp-content\/uploads\/2026\/03\/WhatsApp-Image-2026-03-12-at-15.21.46-225x300.jpeg 225w, https:\/\/www.rudolf-schoen-weg.at\/wp-content\/uploads\/2026\/03\/WhatsApp-Image-2026-03-12-at-15.21.46-769x1024.jpeg 769w, https:\/\/www.rudolf-schoen-weg.at\/wp-content\/uploads\/2026\/03\/WhatsApp-Image-2026-03-12-at-15.21.46-768x1023.jpeg 768w, https:\/\/www.rudolf-schoen-weg.at\/wp-content\/uploads\/2026\/03\/WhatsApp-Image-2026-03-12-at-15.21.46-1153x1536.jpeg 1153w, https:\/\/www.rudolf-schoen-weg.at\/wp-content\/uploads\/2026\/03\/WhatsApp-Image-2026-03-12-at-15.21.46.jpeg 1201w\" sizes=\"auto, (max-width: 225px) 100vw, 225px\" \/><\/div><a class=\"wp-block-latest-posts__post-title\" href=\"https:\/\/www.rudolf-schoen-weg.at\/index.php\/2026\/03\/16\/skikurs-2a-2c\/\">Skikurs 2A 2C \u26f7\ufe0f\ud83c\udfd4\ufe0f<\/a><div class=\"wp-block-latest-posts__post-excerpt\">Skikurs der 2A und 2C in der Ramsau \ud83c\udfbf\u2744\ufe0f Am Sonntag, dem 8. M\u00e4rz, machten sich die Klassen 2A und 2C auf den Weg in die Ramsau am Dachstein. Dort verbrachten die Sch\u00fclerinnen und Sch\u00fcler eine abwechslungsreiche Skiwoche am Rittisberg. \u26f7\ufe0f\ud83c\udfd4\ufe0f Bis Freitag \u00fcbten und verbesserten alle ihr K\u00f6nnen auf den Skiern. In mehreren Gruppen\u2026\u00a0<a class=\"wp-block-latest-posts__read-more\" href=\"https:\/\/www.rudolf-schoen-weg.at\/index.php\/2026\/03\/16\/skikurs-2a-2c\/\" rel=\"noopener noreferrer\"><span class=\"screen-reader-text\">Skikurs 2A 2C \u26f7\ufe0f\ud83c\udfd4\ufe0f <\/span>weiterlesen<\/a><\/div><\/li>\n<li><div class=\"wp-block-latest-posts__featured-image aligncenter\"><img loading=\"lazy\" decoding=\"async\" width=\"300\" height=\"226\" src=\"https:\/\/www.rudolf-schoen-weg.at\/wp-content\/uploads\/2026\/01\/26-300x226.jpeg\" class=\"attachment-medium size-medium wp-post-image\" alt=\"\" style=\"\" srcset=\"https:\/\/www.rudolf-schoen-weg.at\/wp-content\/uploads\/2026\/01\/26-300x226.jpeg 300w, https:\/\/www.rudolf-schoen-weg.at\/wp-content\/uploads\/2026\/01\/26-1024x771.jpeg 1024w, https:\/\/www.rudolf-schoen-weg.at\/wp-content\/uploads\/2026\/01\/26-768x578.jpeg 768w, https:\/\/www.rudolf-schoen-weg.at\/wp-content\/uploads\/2026\/01\/26-1536x1156.jpeg 1536w, https:\/\/www.rudolf-schoen-weg.at\/wp-content\/uploads\/2026\/01\/26.jpeg 1600w\" sizes=\"auto, (max-width: 300px) 100vw, 300px\" \/><\/div><a class=\"wp-block-latest-posts__post-title\" href=\"https:\/\/www.rudolf-schoen-weg.at\/index.php\/2026\/01\/22\/skikurs-1ab\/\">Skikurs 1a &amp; 1b \u26f7\ufe0f\ud83c\udfd4\ufe0f\u2744\ufe0f<\/a><div class=\"wp-block-latest-posts__post-excerpt\">Von Sonntag, 11. J\u00e4nner, bis Freitag, 16. J\u00e4nner verbrachten die Klassen 1a und 1b eine unvergessliche Woche beim Skikurs in der Ramsau am Dachstein. Insgesamt nahmen 40 Sch\u00fcler\/innen gemeinsam mit 4 Lehrpersonen an diesem sportlichen Abenteuer teil \u2013 und eines ist sicher: Diese Woche wird allen noch lange in Erinnerung bleiben! Bei perfekten winterlichen Bedingungen\u2026\u00a0<a class=\"wp-block-latest-posts__read-more\" href=\"https:\/\/www.rudolf-schoen-weg.at\/index.php\/2026\/01\/22\/skikurs-1ab\/\" rel=\"noopener noreferrer\"><span class=\"screen-reader-text\">Skikurs 1a &amp; 1b \u26f7\ufe0f\ud83c\udfd4\ufe0f\u2744\ufe0f <\/span>weiterlesen<\/a><\/div><\/li>\n<li><div class=\"wp-block-latest-posts__featured-image aligncenter\"><img loading=\"lazy\" decoding=\"async\" width=\"300\" height=\"225\" src=\"https:\/\/www.rudolf-schoen-weg.at\/wp-content\/uploads\/2025\/10\/IMG_5186-300x225.jpeg\" class=\"attachment-medium size-medium wp-post-image\" alt=\"\" style=\"\" srcset=\"https:\/\/www.rudolf-schoen-weg.at\/wp-content\/uploads\/2025\/10\/IMG_5186-300x225.jpeg 300w, https:\/\/www.rudolf-schoen-weg.at\/wp-content\/uploads\/2025\/10\/IMG_5186-1024x768.jpeg 1024w, https:\/\/www.rudolf-schoen-weg.at\/wp-content\/uploads\/2025\/10\/IMG_5186-768x576.jpeg 768w, https:\/\/www.rudolf-schoen-weg.at\/wp-content\/uploads\/2025\/10\/IMG_5186-1536x1152.jpeg 1536w, https:\/\/www.rudolf-schoen-weg.at\/wp-content\/uploads\/2025\/10\/IMG_5186.jpeg 2048w\" sizes=\"auto, (max-width: 300px) 100vw, 300px\" \/><\/div><a class=\"wp-block-latest-posts__post-title\" href=\"https:\/\/www.rudolf-schoen-weg.at\/index.php\/2025\/06\/09\/sommersportwoche-4b3d\/\">Sommersportwoche 4b3d<\/a><div class=\"wp-block-latest-posts__post-excerpt\">Die Klassen 4B und 3D verbrachten gemeinsam eine abwechslungsreiche Sommersportwoche in der Ramsau am Dachstein. Auf dem Programm standen zahlreiche sportliche Aktivit\u00e4ten \u2013 vom Wandern und Schwimmen \u00fcber Laserbiathlon bis hin zum rasanten Monster-Gokart-Fahren war f\u00fcr jede und jeden etwas dabei. Ein besonderes Erlebnis war der Besuch auf einem Bauernhof, bei dem die Sch\u00fclerinnen und\u2026\u00a0<a class=\"wp-block-latest-posts__read-more\" href=\"https:\/\/www.rudolf-schoen-weg.at\/index.php\/2025\/06\/09\/sommersportwoche-4b3d\/\" rel=\"noopener noreferrer\"><span class=\"screen-reader-text\">Sommersportwoche 4b3d <\/span>weiterlesen<\/a><\/div><\/li>\n<\/ul>\n\n\n<div style=\"height:100px\" aria-hidden=\"true\" class=\"wp-block-spacer\"><\/div>\n","protected":false},"excerpt":{"rendered":"","protected":false},"author":1,"featured_media":0,"parent":0,"menu_order":6,"comment_status":"closed","ping_status":"closed","template":"","meta":{"_EventAllDay":false,"_EventTimezone":"","_EventStartDate":"","_EventEndDate":"","_EventStartDateUTC":"","_EventEndDateUTC":"","_EventShowMap":false,"_EventShowMapLink":false,"_EventURL":"","_EventCost":"","_EventCostDescription":"","_EventCurrencySymbol":"","_EventCurrencyCode":"","_EventCurrencyPosition":"","_EventDateTimeSeparator":"","_EventTimeRangeSeparator":"","_EventOrganizerID":[],"_EventVenueID":[],"_OrganizerEmail":"","_OrganizerPhone":"","_OrganizerWebsite":"","_VenueAddress":"","_VenueCity":"","_VenueCountry":"","_VenueProvince":"","_VenueState":"","_VenueZip":"","_VenuePhone":"","_VenueURL":"","_VenueStateProvince":"","_VenueLat":"","_VenueLng":"","_VenueShowMap":false,"_VenueShowMapLink":false,"footnotes":""},"class_list":["post-314","page","type-page","status-publish","hentry"],"_links":{"self":[{"href":"https:\/\/www.rudolf-schoen-weg.at\/index.php\/wp-json\/wp\/v2\/pages\/314","targetHints":{"allow":["GET"]}}],"collection":[{"href":"https:\/\/www.rudolf-schoen-weg.at\/index.php\/wp-json\/wp\/v2\/pages"}],"about":[{"href":"https:\/\/www.rudolf-schoen-weg.at\/index.php\/wp-json\/wp\/v2\/types\/page"}],"author":[{"embeddable":true,"href":"https:\/\/www.rudolf-schoen-weg.at\/index.php\/wp-json\/wp\/v2\/users\/1"}],"replies":[{"embeddable":true,"href":"https:\/\/www.rudolf-schoen-weg.at\/index.php\/wp-json\/wp\/v2\/comments?post=314"}],"version-history":[{"count":8,"href":"https:\/\/www.rudolf-schoen-weg.at\/index.php\/wp-json\/wp\/v2\/pages\/314\/revisions"}],"predecessor-version":[{"id":966,"href":"https:\/\/www.rudolf-schoen-weg.at\/index.php\/wp-json\/wp\/v2\/pages\/314\/revisions\/966"}],"wp:attachment":[{"href":"https:\/\/www.rudolf-schoen-weg.at\/index.php\/wp-json\/wp\/v2\/media?parent=314"}],"curies":[{"name":"wp","href":"https:\/\/api.w.org\/{rel}","templated":true}]}}