{"id":702,"date":"2025-10-22T18:10:04","date_gmt":"2025-10-22T18:10:04","guid":{"rendered":"https:\/\/rudolf-schoen-weg.at\/wordpress\/?page_id=702"},"modified":"2026-03-26T14:51:58","modified_gmt":"2026-03-26T13:51:58","slug":"maedchenfussball","status":"publish","type":"page","link":"https:\/\/www.rudolf-schoen-weg.at\/index.php\/sport\/maedchenfussball\/","title":{"rendered":"M\u00e4dchenfu\u00dfball"},"content":{"rendered":"\n<div class=\"wp-block-columns alignwide is-layout-flex wp-container-core-columns-is-layout-28f84493 wp-block-columns-is-layout-flex\">\n<div class=\"wp-block-column is-layout-flow wp-block-column-is-layout-flow\">\n<div class=\"wp-block-media-text is-stacked-on-mobile\"><figure class=\"wp-block-media-text__media\"><img loading=\"lazy\" decoding=\"async\" width=\"768\" height=\"1024\" src=\"https:\/\/www.rudolf-schoen-weg.at\/wp-content\/uploads\/2026\/03\/WhatsApp-Image-2026-03-26-at-14.47.12-768x1024.jpeg\" alt=\"\" class=\"wp-image-1327 size-full\" srcset=\"https:\/\/www.rudolf-schoen-weg.at\/wp-content\/uploads\/2026\/03\/WhatsApp-Image-2026-03-26-at-14.47.12-768x1024.jpeg 768w, https:\/\/www.rudolf-schoen-weg.at\/wp-content\/uploads\/2026\/03\/WhatsApp-Image-2026-03-26-at-14.47.12-225x300.jpeg 225w, https:\/\/www.rudolf-schoen-weg.at\/wp-content\/uploads\/2026\/03\/WhatsApp-Image-2026-03-26-at-14.47.12-1152x1536.jpeg 1152w, https:\/\/www.rudolf-schoen-weg.at\/wp-content\/uploads\/2026\/03\/WhatsApp-Image-2026-03-26-at-14.47.12.jpeg 1200w\" sizes=\"auto, (max-width: 768px) 100vw, 768px\" \/><\/figure><div class=\"wp-block-media-text__content\">\n<p style=\"font-size:clamp(16.834px, 1.052rem + ((1vw - 3.2px) * 0.955), 26px);\"><strong>Krone Hallencup 2025\/26<\/strong><\/p>\n\n\n\n<p style=\"font-size:clamp(14px, 0.875rem + ((1vw - 3.2px) * 0.625), 20px);\">In der Vorrunde am 9. M\u00e4rz zeigte unser Team eine beeindruckende Leistung und sicherte sich souver\u00e4n den 1. Platz. Mit einem starken Torverh\u00e4ltnis von 30:3 dominierten wir das Teilnehmerfeld klar.<\/p>\n\n\n\n<p style=\"font-size:clamp(14px, 0.875rem + ((1vw - 3.2px) * 0.625), 20px);\">In der Zwischenrunde am 23. M\u00e4rz trafen wir dann auf sehr starke Gegnerinnen. Trotz gro\u00dfem Einsatz mussten wir uns geschlagen geben und belegten am Ende den 4. Platz. Damit verpassten wir leider den Einzug in die Finalrunde.<\/p>\n<\/div><\/div>\n<\/div>\n<\/div>\n\n\n\n<div class=\"wp-block-group alignfull has-global-padding is-layout-constrained wp-container-core-group-is-layout-d89aad35 wp-block-group-is-layout-constrained\" style=\"margin-top:0;margin-bottom:0;padding-top:var(--wp--preset--spacing--50);padding-right:var(--wp--preset--spacing--50);padding-bottom:var(--wp--preset--spacing--50);padding-left:var(--wp--preset--spacing--50)\">\n<div class=\"wp-block-group alignwide has-global-padding is-layout-constrained wp-container-core-group-is-layout-19e250f3 wp-block-group-is-layout-constrained\">\n<div style=\"height:var(--wp--preset--spacing--40)\" aria-hidden=\"true\" class=\"wp-block-spacer\"><\/div>\n\n\n\n<div class=\"wp-block-group alignwide has-global-padding is-layout-constrained wp-block-group-is-layout-constrained\">\n<div class=\"wp-block-columns alignwide is-layout-flex wp-container-core-columns-is-layout-d1c656ed wp-block-columns-is-layout-flex\">\n<div class=\"wp-block-column is-vertically-aligned-center is-layout-flow wp-block-column-is-layout-flow\" style=\"flex-basis:40%\">\n<p class=\"has-text-align-center\" style=\"font-size:clamp(20.515px, 1.282rem + ((1vw - 3.2px) * 1.301), 33px);\"><strong>Krone Hallencup 2024\/25<\/strong><\/p>\n\n\n\n<p class=\"has-text-align-center has-custom-33-cc-82-color has-text-color has-link-color wp-elements-3b2f6965a9d2f645f378334882c73805\" style=\"font-size:clamp(31.609px, 1.976rem + ((1vw - 3.2px) * 2.541), 56px);\"><strong>7. Platz <\/strong><\/p>\n\n\n\n<p class=\"has-text-align-center\" style=\"font-size:clamp(14px, 0.875rem + ((1vw - 3.2px) * 0.313), 17px);\"><strong>von ganz Wien!<\/strong><\/p>\n<\/div>\n\n\n\n<div class=\"wp-block-column is-layout-flow wp-block-column-is-layout-flow\" style=\"flex-basis:50%\">\n<figure class=\"wp-block-image size-large is-style-rounded is-style-rounded--1\"><img loading=\"lazy\" decoding=\"async\" width=\"1024\" height=\"768\" src=\"https:\/\/rudolf-schoen-weg.at\/\/wp-content\/uploads\/2025\/10\/IMG_1757-1024x768.jpg\" alt=\"\" class=\"wp-image-703\" srcset=\"https:\/\/www.rudolf-schoen-weg.at\/wp-content\/uploads\/2025\/10\/IMG_1757-1024x768.jpg 1024w, https:\/\/www.rudolf-schoen-weg.at\/wp-content\/uploads\/2025\/10\/IMG_1757-300x225.jpg 300w, https:\/\/www.rudolf-schoen-weg.at\/wp-content\/uploads\/2025\/10\/IMG_1757-768x576.jpg 768w, https:\/\/www.rudolf-schoen-weg.at\/wp-content\/uploads\/2025\/10\/IMG_1757-1536x1152.jpg 1536w, https:\/\/www.rudolf-schoen-weg.at\/wp-content\/uploads\/2025\/10\/IMG_1757-2048x1536.jpg 2048w\" sizes=\"auto, (max-width: 1024px) 100vw, 1024px\" \/><\/figure>\n<\/div>\n<\/div>\n<\/div>\n\n\n\n<div style=\"height:9px\" aria-hidden=\"true\" class=\"wp-block-spacer\"><\/div>\n\n\n\n<div class=\"wp-block-columns alignfull is-layout-flex wp-container-core-columns-is-layout-d1c656ed wp-block-columns-is-layout-flex\">\n<div class=\"wp-block-column is-layout-flow wp-block-column-is-layout-flow\" style=\"flex-basis:50%\">\n<figure class=\"wp-block-image size-large is-style-rounded is-style-rounded--2\"><img loading=\"lazy\" decoding=\"async\" width=\"1024\" height=\"663\" src=\"https:\/\/rudolf-schoen-weg.at\/\/wp-content\/uploads\/2025\/10\/IMG_2062-2-1024x663.jpeg\" alt=\"\" class=\"wp-image-704\" srcset=\"https:\/\/www.rudolf-schoen-weg.at\/wp-content\/uploads\/2025\/10\/IMG_2062-2-1024x663.jpeg 1024w, https:\/\/www.rudolf-schoen-weg.at\/wp-content\/uploads\/2025\/10\/IMG_2062-2-300x194.jpeg 300w, https:\/\/www.rudolf-schoen-weg.at\/wp-content\/uploads\/2025\/10\/IMG_2062-2-768x498.jpeg 768w, https:\/\/www.rudolf-schoen-weg.at\/wp-content\/uploads\/2025\/10\/IMG_2062-2-1536x995.jpeg 1536w, https:\/\/www.rudolf-schoen-weg.at\/wp-content\/uploads\/2025\/10\/IMG_2062-2-2048x1327.jpeg 2048w\" sizes=\"auto, (max-width: 1024px) 100vw, 1024px\" \/><\/figure>\n<\/div>\n\n\n\n<div class=\"wp-block-column is-vertically-aligned-center is-layout-flow wp-block-column-is-layout-flow\" style=\"flex-basis:40%\">\n<p class=\"has-text-align-center\" style=\"font-size:clamp(25.984px, 1.624rem + ((1vw - 3.2px) * 1.877), 44px);\"><strong>Sparkasse Sch\u00fclerinnenLIGA 2024\/25<\/strong><\/p>\n\n\n\n<p class=\"has-text-align-center has-custom-33-cc-82-color has-text-color has-link-color wp-elements-06ee279bf086528791923b0899ca3dfe\" style=\"font-size:clamp(31.609px, 1.976rem + ((1vw - 3.2px) * 2.541), 56px);\"><strong>A-Pool 8. Platz <\/strong><\/p>\n<\/div>\n<\/div>\n<\/div>\n<\/div>\n\n\n\n<p><\/p>\n\n\n\n<div class=\"wp-block-columns alignwide is-layout-flex wp-container-core-columns-is-layout-28f84493 wp-block-columns-is-layout-flex\">\n<div class=\"wp-block-column is-layout-flow wp-block-column-is-layout-flow\"><\/div>\n<\/div>\n","protected":false},"excerpt":{"rendered":"<p>Krone Hallencup 2025\/26 In der Vorrunde am 9. M\u00e4rz zeigte unser Team eine beeindruckende Leistung und sicherte sich souver\u00e4n den 1. Platz. Mit einem starken Torverh\u00e4ltnis von 30:3 dominierten wir [&hellip;]<\/p>\n","protected":false},"author":2,"featured_media":704,"parent":316,"menu_order":0,"comment_status":"closed","ping_status":"closed","template":"","meta":{"_EventAllDay":false,"_EventTimezone":"","_EventStartDate":"","_EventEndDate":"","_EventStartDateUTC":"","_EventEndDateUTC":"","_EventShowMap":false,"_EventShowMapLink":false,"_EventURL":"","_EventCost":"","_EventCostDescription":"","_EventCurrencySymbol":"","_EventCurrencyCode":"","_EventCurrencyPosition":"","_EventDateTimeSeparator":"","_EventTimeRangeSeparator":"","_EventOrganizerID":[],"_EventVenueID":[],"_OrganizerEmail":"","_OrganizerPhone":"","_OrganizerWebsite":"","_VenueAddress":"","_VenueCity":"","_VenueCountry":"","_VenueProvince":"","_VenueState":"","_VenueZip":"","_VenuePhone":"","_VenueURL":"","_VenueStateProvince":"","_VenueLat":"","_VenueLng":"","_VenueShowMap":false,"_VenueShowMapLink":false,"footnotes":""},"class_list":["post-702","page","type-page","status-publish","has-post-thumbnail","hentry"],"_links":{"self":[{"href":"https:\/\/www.rudolf-schoen-weg.at\/index.php\/wp-json\/wp\/v2\/pages\/702","targetHints":{"allow":["GET"]}}],"collection":[{"href":"https:\/\/www.rudolf-schoen-weg.at\/index.php\/wp-json\/wp\/v2\/pages"}],"about":[{"href":"https:\/\/www.rudolf-schoen-weg.at\/index.php\/wp-json\/wp\/v2\/types\/page"}],"author":[{"embeddable":true,"href":"https:\/\/www.rudolf-schoen-weg.at\/index.php\/wp-json\/wp\/v2\/users\/2"}],"replies":[{"embeddable":true,"href":"https:\/\/www.rudolf-schoen-weg.at\/index.php\/wp-json\/wp\/v2\/comments?post=702"}],"version-history":[{"count":4,"href":"https:\/\/www.rudolf-schoen-weg.at\/index.php\/wp-json\/wp\/v2\/pages\/702\/revisions"}],"predecessor-version":[{"id":1328,"href":"https:\/\/www.rudolf-schoen-weg.at\/index.php\/wp-json\/wp\/v2\/pages\/702\/revisions\/1328"}],"up":[{"embeddable":true,"href":"https:\/\/www.rudolf-schoen-weg.at\/index.php\/wp-json\/wp\/v2\/pages\/316"}],"wp:featuredmedia":[{"embeddable":true,"href":"https:\/\/www.rudolf-schoen-weg.at\/index.php\/wp-json\/wp\/v2\/media\/704"}],"wp:attachment":[{"href":"https:\/\/www.rudolf-schoen-weg.at\/index.php\/wp-json\/wp\/v2\/media?parent=702"}],"curies":[{"name":"wp","href":"https:\/\/api.w.org\/{rel}","templated":true}]}}