{"id":993,"date":"2025-12-23T11:04:01","date_gmt":"2025-12-23T10:04:01","guid":{"rendered":"https:\/\/www.rudolf-schoen-weg.at\/?page_id=993"},"modified":"2025-12-23T11:08:00","modified_gmt":"2025-12-23T10:08:00","slug":"schulevents-2","status":"publish","type":"page","link":"https:\/\/www.rudolf-schoen-weg.at\/index.php\/schulevents\/schulevents-2\/","title":{"rendered":"Schulevents"},"content":{"rendered":"<ul style=\"border-color:#f2f4f3;border-top-left-radius:16px;border-top-right-radius:16px;border-bottom-left-radius:16px;border-bottom-right-radius:16px;border-width:1px; padding-top:var(--wp--preset--spacing--10);padding-bottom:var(--wp--preset--spacing--10);padding-left:var(--wp--preset--spacing--10);padding-right:var(--wp--preset--spacing--10);\" class=\"wp-block-latest-posts__list is-grid columns-3 alignwide wp-block-latest-posts has-background has-custom-ffeda-5-background-color has-border-color\"><li><div class=\"wp-block-latest-posts__featured-image aligncenter\"><img loading=\"lazy\" decoding=\"async\" width=\"225\" height=\"300\" src=\"https:\/\/www.rudolf-schoen-weg.at\/wp-content\/uploads\/2026\/04\/WhatsApp-Image-2026-04-14-at-12.24.09-225x300.jpeg\" class=\"attachment-medium size-medium wp-post-image\" alt=\"\" style=\"\" srcset=\"https:\/\/www.rudolf-schoen-weg.at\/wp-content\/uploads\/2026\/04\/WhatsApp-Image-2026-04-14-at-12.24.09-225x300.jpeg 225w, https:\/\/www.rudolf-schoen-weg.at\/wp-content\/uploads\/2026\/04\/WhatsApp-Image-2026-04-14-at-12.24.09-768x1024.jpeg 768w, https:\/\/www.rudolf-schoen-weg.at\/wp-content\/uploads\/2026\/04\/WhatsApp-Image-2026-04-14-at-12.24.09-1152x1536.jpeg 1152w, https:\/\/www.rudolf-schoen-weg.at\/wp-content\/uploads\/2026\/04\/WhatsApp-Image-2026-04-14-at-12.24.09.jpeg 1200w\" sizes=\"auto, (max-width: 225px) 100vw, 225px\" \/><\/div><a class=\"wp-block-latest-posts__post-title\" href=\"https:\/\/www.rudolf-schoen-weg.at\/index.php\/2026\/04\/14\/oekologie-tage-2026\/\">\u00d6kologieTage2026\ud83c\udf31\u267b\ufe0f<\/a><div class=\"wp-block-latest-posts__post-excerpt\">Am 9. und 10. April standen ganz im Zeichen der \u00d6kologie. In diesem Zeitraum fanden an unserer Schule die \u00d6kologietage statt \u2013 sowohl im Schulgeb\u00e4ude als auch im Rahmen von Lehrausg\u00e4ngen. Die Sch\u00fcler:innen durchliefen zahlreiche Stationen innerhalb der Schule und setzten sich dabei intensiv mit verschiedenen Aspekten der \u00d6kologie auseinander. Recycling &#8211; Staffel Holz -\u2026\u00a0<a class=\"wp-block-latest-posts__read-more\" href=\"https:\/\/www.rudolf-schoen-weg.at\/index.php\/2026\/04\/14\/oekologie-tage-2026\/\" rel=\"noopener noreferrer\"><span class=\"screen-reader-text\">\u00d6kologieTage2026\ud83c\udf31\u267b\ufe0f <\/span>weiterlesen<\/a><\/div><\/li>\n<li><div class=\"wp-block-latest-posts__featured-image aligncenter\"><img loading=\"lazy\" decoding=\"async\" width=\"300\" height=\"198\" src=\"https:\/\/www.rudolf-schoen-weg.at\/wp-content\/uploads\/2026\/03\/IMG_3906-e1773042497376-300x198.jpeg\" class=\"attachment-medium size-medium wp-post-image\" alt=\"\" style=\"\" srcset=\"https:\/\/www.rudolf-schoen-weg.at\/wp-content\/uploads\/2026\/03\/IMG_3906-e1773042497376-300x198.jpeg 300w, https:\/\/www.rudolf-schoen-weg.at\/wp-content\/uploads\/2026\/03\/IMG_3906-e1773042497376-1024x677.jpeg 1024w, https:\/\/www.rudolf-schoen-weg.at\/wp-content\/uploads\/2026\/03\/IMG_3906-e1773042497376-768x508.jpeg 768w, https:\/\/www.rudolf-schoen-weg.at\/wp-content\/uploads\/2026\/03\/IMG_3906-e1773042497376-1536x1015.jpeg 1536w, https:\/\/www.rudolf-schoen-weg.at\/wp-content\/uploads\/2026\/03\/IMG_3906-e1773042497376.jpeg 1870w\" sizes=\"auto, (max-width: 300px) 100vw, 300px\" \/><\/div><a class=\"wp-block-latest-posts__post-title\" href=\"https:\/\/www.rudolf-schoen-weg.at\/index.php\/2026\/03\/09\/spelling-bee\/\">Spelling Bee \ud83d\udc1d<\/a><div class=\"wp-block-latest-posts__post-excerpt\">Spelling Bee Wettbewerb an unserer Schule Am Freitag, dem 20. Februar, fand unser diesj\u00e4hriger Spelling Bee Wettbewerb der ganzen Schule statt. Dabei handelt es sich um einen schnellen Buchstabierwettbewerb auf Englisch. Jede Klasse trat innerhalb ihres Jahrgangs an und lieferte sich spannende Duelle. Geleitet wurde der Wettbewerb von den Kolleginnen Frau Sharma, Frau Scherzer und\u2026\u00a0<a class=\"wp-block-latest-posts__read-more\" href=\"https:\/\/www.rudolf-schoen-weg.at\/index.php\/2026\/03\/09\/spelling-bee\/\" rel=\"noopener noreferrer\"><span class=\"screen-reader-text\">Spelling Bee \ud83d\udc1d <\/span>weiterlesen<\/a><\/div><\/li>\n<li><div class=\"wp-block-latest-posts__featured-image aligncenter\"><img loading=\"lazy\" decoding=\"async\" width=\"300\" height=\"270\" src=\"https:\/\/www.rudolf-schoen-weg.at\/wp-content\/uploads\/2026\/03\/19-Kopie-300x270.jpeg\" class=\"attachment-medium size-medium wp-post-image\" alt=\"\" style=\"\" srcset=\"https:\/\/www.rudolf-schoen-weg.at\/wp-content\/uploads\/2026\/03\/19-Kopie-300x270.jpeg 300w, https:\/\/www.rudolf-schoen-weg.at\/wp-content\/uploads\/2026\/03\/19-Kopie-1024x922.jpeg 1024w, https:\/\/www.rudolf-schoen-weg.at\/wp-content\/uploads\/2026\/03\/19-Kopie-768x692.jpeg 768w, https:\/\/www.rudolf-schoen-weg.at\/wp-content\/uploads\/2026\/03\/19-Kopie-1536x1384.jpeg 1536w, https:\/\/www.rudolf-schoen-weg.at\/wp-content\/uploads\/2026\/03\/19-Kopie-2048x1845.jpeg 2048w\" sizes=\"auto, (max-width: 300px) 100vw, 300px\" \/><\/div><a class=\"wp-block-latest-posts__post-title\" href=\"https:\/\/www.rudolf-schoen-weg.at\/index.php\/2026\/03\/02\/schulball-2026\/\">Schulball 2026<\/a><div class=\"wp-block-latest-posts__post-excerpt\">\ud83c\udfb2 Schulball 2026 \u2013 \u201eCasino Royale\u201c in unserer Aula \u2728 Am Donnerstag, 12. Februar, fand unser diesj\u00e4hriger Abschlussball der 4. Klassen statt \u2013 ein unvergesslicher Abend voller Eleganz, Musik und besonderer Momente. Bereits im Vorfeld wurde dieses gro\u00dfe Schulevent von einem engagierten Komitee aus Sch\u00fclerInnen der 4. Klassen gemeinsam mit einem Lehrerteam organisiert. Mit viel\u2026\u00a0<a class=\"wp-block-latest-posts__read-more\" href=\"https:\/\/www.rudolf-schoen-weg.at\/index.php\/2026\/03\/02\/schulball-2026\/\" rel=\"noopener noreferrer\"><span class=\"screen-reader-text\">Schulball 2026 <\/span>weiterlesen<\/a><\/div><\/li>\n<li><div class=\"wp-block-latest-posts__featured-image aligncenter\"><img loading=\"lazy\" decoding=\"async\" width=\"300\" height=\"251\" src=\"https:\/\/www.rudolf-schoen-weg.at\/wp-content\/uploads\/2026\/01\/Titelbild-300x251.jpeg\" class=\"attachment-medium size-medium wp-post-image\" alt=\"\" style=\"\" srcset=\"https:\/\/www.rudolf-schoen-weg.at\/wp-content\/uploads\/2026\/01\/Titelbild-300x251.jpeg 300w, https:\/\/www.rudolf-schoen-weg.at\/wp-content\/uploads\/2026\/01\/Titelbild-1024x857.jpeg 1024w, https:\/\/www.rudolf-schoen-weg.at\/wp-content\/uploads\/2026\/01\/Titelbild-768x643.jpeg 768w, https:\/\/www.rudolf-schoen-weg.at\/wp-content\/uploads\/2026\/01\/Titelbild-1536x1286.jpeg 1536w, https:\/\/www.rudolf-schoen-weg.at\/wp-content\/uploads\/2026\/01\/Titelbild-2048x1715.jpeg 2048w\" sizes=\"auto, (max-width: 300px) 100vw, 300px\" \/><\/div><a class=\"wp-block-latest-posts__post-title\" href=\"https:\/\/www.rudolf-schoen-weg.at\/index.php\/2026\/01\/04\/weihnachtsgottesdienst\/\">Weihnachtsgottesdienst \ud83c\udf84\ud83e\udebd\ud83d\udcab<\/a><div class=\"wp-block-latest-posts__post-excerpt\">Gemeinsam innehalten, feiern und den Zauber der Weihnachtszeit sp\u00fcren Am Freitag, dem 19. Dezember, feierten die katholischen Sch\u00fcler:innen unserer Schule gemeinsam den Weihnachtsgottesdienst in der festlich geschm\u00fcckten Aula. In ruhiger und stimmungsvoller Atmosph\u00e4re kamen die Klassen zusammen, um sich auf das bevorstehende Weihnachtsfest einzustimmen. Durch Gebete, Texte und besinnliche Impulse wurde die Bedeutung von Weihnachten\u2026\u00a0<a class=\"wp-block-latest-posts__read-more\" href=\"https:\/\/www.rudolf-schoen-weg.at\/index.php\/2026\/01\/04\/weihnachtsgottesdienst\/\" rel=\"noopener noreferrer\"><span class=\"screen-reader-text\">Weihnachtsgottesdienst \ud83c\udf84\ud83e\udebd\ud83d\udcab <\/span>weiterlesen<\/a><\/div><\/li>\n<li><div class=\"wp-block-latest-posts__featured-image aligncenter\"><img loading=\"lazy\" decoding=\"async\" width=\"300\" height=\"225\" src=\"https:\/\/www.rudolf-schoen-weg.at\/wp-content\/uploads\/2026\/01\/WhatsApp-Image-2026-01-04-at-16.03.03-1-300x225.jpeg\" class=\"attachment-medium size-medium wp-post-image\" alt=\"\" style=\"\" srcset=\"https:\/\/www.rudolf-schoen-weg.at\/wp-content\/uploads\/2026\/01\/WhatsApp-Image-2026-01-04-at-16.03.03-1-300x225.jpeg 300w, https:\/\/www.rudolf-schoen-weg.at\/wp-content\/uploads\/2026\/01\/WhatsApp-Image-2026-01-04-at-16.03.03-1-1024x768.jpeg 1024w, https:\/\/www.rudolf-schoen-weg.at\/wp-content\/uploads\/2026\/01\/WhatsApp-Image-2026-01-04-at-16.03.03-1-768x576.jpeg 768w, https:\/\/www.rudolf-schoen-weg.at\/wp-content\/uploads\/2026\/01\/WhatsApp-Image-2026-01-04-at-16.03.03-1-1536x1152.jpeg 1536w, https:\/\/www.rudolf-schoen-weg.at\/wp-content\/uploads\/2026\/01\/WhatsApp-Image-2026-01-04-at-16.03.03-1.jpeg 1600w\" sizes=\"auto, (max-width: 300px) 100vw, 300px\" \/><\/div><a class=\"wp-block-latest-posts__post-title\" href=\"https:\/\/www.rudolf-schoen-weg.at\/index.php\/2026\/01\/04\/volle-action-voller-spass-baenkeballturnier-2025\/\">Volle Action, voller Spa\u00df &#8211; B\u00e4nkeballturnier 2025<\/a><div class=\"wp-block-latest-posts__post-excerpt\">Am 22. und 23. Dezember fand das allj\u00e4hrliche B\u00e4nkeballturnier statt. Jede Klasse spielte gegen jede andere Klasse des Jahrgangs und stellte dabei Teamgeist, Fairness und sportlichen Ehrgeiz unter Beweis. Besonders spannend: Jede Klasse durfte gemeinsam mit einer Lehrperson antreten. Fans, Anfeuerungsrufe und ein kreativer Dresscode waren nat\u00fcrlich ausdr\u00fccklich erlaubt und sorgten f\u00fcr gro\u00dfartige Stimmung. \ud83c\udfc6\u2026\u00a0<a class=\"wp-block-latest-posts__read-more\" href=\"https:\/\/www.rudolf-schoen-weg.at\/index.php\/2026\/01\/04\/volle-action-voller-spass-baenkeballturnier-2025\/\" rel=\"noopener noreferrer\"><span class=\"screen-reader-text\">Volle Action, voller Spa\u00df &#8211; B\u00e4nkeballturnier 2025 <\/span>weiterlesen<\/a><\/div><\/li>\n<\/ul>","protected":false},"excerpt":{"rendered":"","protected":false},"author":1,"featured_media":0,"parent":311,"menu_order":0,"comment_status":"closed","ping_status":"closed","template":"","meta":{"_EventAllDay":false,"_EventTimezone":"","_EventStartDate":"","_EventEndDate":"","_EventStartDateUTC":"","_EventEndDateUTC":"","_EventShowMap":false,"_EventShowMapLink":false,"_EventURL":"","_EventCost":"","_EventCostDescription":"","_EventCurrencySymbol":"","_EventCurrencyCode":"","_EventCurrencyPosition":"","_EventDateTimeSeparator":"","_EventTimeRangeSeparator":"","_EventOrganizerID":[],"_EventVenueID":[],"_OrganizerEmail":"","_OrganizerPhone":"","_OrganizerWebsite":"","_VenueAddress":"","_VenueCity":"","_VenueCountry":"","_VenueProvince":"","_VenueState":"","_VenueZip":"","_VenuePhone":"","_VenueURL":"","_VenueStateProvince":"","_VenueLat":"","_VenueLng":"","_VenueShowMap":false,"_VenueShowMapLink":false,"footnotes":""},"class_list":["post-993","page","type-page","status-publish","hentry"],"_links":{"self":[{"href":"https:\/\/www.rudolf-schoen-weg.at\/index.php\/wp-json\/wp\/v2\/pages\/993","targetHints":{"allow":["GET"]}}],"collection":[{"href":"https:\/\/www.rudolf-schoen-weg.at\/index.php\/wp-json\/wp\/v2\/pages"}],"about":[{"href":"https:\/\/www.rudolf-schoen-weg.at\/index.php\/wp-json\/wp\/v2\/types\/page"}],"author":[{"embeddable":true,"href":"https:\/\/www.rudolf-schoen-weg.at\/index.php\/wp-json\/wp\/v2\/users\/1"}],"replies":[{"embeddable":true,"href":"https:\/\/www.rudolf-schoen-weg.at\/index.php\/wp-json\/wp\/v2\/comments?post=993"}],"version-history":[{"count":2,"href":"https:\/\/www.rudolf-schoen-weg.at\/index.php\/wp-json\/wp\/v2\/pages\/993\/revisions"}],"predecessor-version":[{"id":997,"href":"https:\/\/www.rudolf-schoen-weg.at\/index.php\/wp-json\/wp\/v2\/pages\/993\/revisions\/997"}],"up":[{"embeddable":true,"href":"https:\/\/www.rudolf-schoen-weg.at\/index.php\/wp-json\/wp\/v2\/pages\/311"}],"wp:attachment":[{"href":"https:\/\/www.rudolf-schoen-weg.at\/index.php\/wp-json\/wp\/v2\/media?parent=993"}],"curies":[{"name":"wp","href":"https:\/\/api.w.org\/{rel}","templated":true}]}}