{"id":995,"date":"2025-12-23T11:05:59","date_gmt":"2025-12-23T10:05:59","guid":{"rendered":"https:\/\/www.rudolf-schoen-weg.at\/?page_id=995"},"modified":"2025-12-23T11:11:28","modified_gmt":"2025-12-23T10:11:28","slug":"leerausgaenge","status":"publish","type":"page","link":"https:\/\/www.rudolf-schoen-weg.at\/index.php\/schulevents\/leerausgaenge\/","title":{"rendered":"Lehrausg\u00e4nge"},"content":{"rendered":"<ul style=\"border-color:#f2f4f3;border-top-left-radius:16px;border-top-right-radius:16px;border-bottom-left-radius:16px;border-bottom-right-radius:16px;border-width:1px; padding-top:var(--wp--preset--spacing--10);padding-bottom:var(--wp--preset--spacing--10);padding-left:var(--wp--preset--spacing--10);padding-right:var(--wp--preset--spacing--10);\" class=\"wp-block-latest-posts__list is-grid columns-3 alignwide wp-block-latest-posts has-background has-custom-ffeda-5-background-color has-border-color\"><li><div class=\"wp-block-latest-posts__featured-image aligncenter\"><img loading=\"lazy\" decoding=\"async\" width=\"300\" height=\"225\" src=\"https:\/\/www.rudolf-schoen-weg.at\/wp-content\/uploads\/2026\/03\/IMG_4545-300x225.jpeg\" class=\"attachment-medium size-medium wp-post-image\" alt=\"\" style=\"\" srcset=\"https:\/\/www.rudolf-schoen-weg.at\/wp-content\/uploads\/2026\/03\/IMG_4545-300x225.jpeg 300w, https:\/\/www.rudolf-schoen-weg.at\/wp-content\/uploads\/2026\/03\/IMG_4545-1024x768.jpeg 1024w, https:\/\/www.rudolf-schoen-weg.at\/wp-content\/uploads\/2026\/03\/IMG_4545-768x576.jpeg 768w, https:\/\/www.rudolf-schoen-weg.at\/wp-content\/uploads\/2026\/03\/IMG_4545-1536x1152.jpeg 1536w, https:\/\/www.rudolf-schoen-weg.at\/wp-content\/uploads\/2026\/03\/IMG_4545.jpeg 2048w\" sizes=\"auto, (max-width: 300px) 100vw, 300px\" \/><\/div><a class=\"wp-block-latest-posts__post-title\" href=\"https:\/\/www.rudolf-schoen-weg.at\/index.php\/2026\/03\/08\/eislaufen-1c%e2%9b%b8%ef%b8%8f\/\">Eislaufen 1C\u26f8\ufe0f<\/a><div class=\"wp-block-latest-posts__post-excerpt\">Am 3. M\u00e4rz besuchte die Klasse 1C die Eisarena Steffl im 22. Bezirk. Gemeinsam verbrachten wir eine sportliche und fr\u00f6hliche Zeit auf dem Eis. Alle Sch\u00fcler\/innen hatten gro\u00dfen Spa\u00df und konnten die Zeit in der Eishalle genie\u00dfen. Trotz vieler Anf\u00e4ngerinnen und Anf\u00e4nger wagten sich alle motiviert aufs Eis. Mit etwas \u00dcbung und gegenseitiger Unterst\u00fctzung wurden\u2026\u00a0<a class=\"wp-block-latest-posts__read-more\" href=\"https:\/\/www.rudolf-schoen-weg.at\/index.php\/2026\/03\/08\/eislaufen-1c%e2%9b%b8%ef%b8%8f\/\" rel=\"noopener noreferrer\"><span class=\"screen-reader-text\">Eislaufen 1C\u26f8\ufe0f <\/span>weiterlesen<\/a><\/div><\/li>\n<li><div class=\"wp-block-latest-posts__featured-image aligncenter\"><img loading=\"lazy\" decoding=\"async\" width=\"225\" height=\"300\" src=\"https:\/\/www.rudolf-schoen-weg.at\/wp-content\/uploads\/2026\/01\/WhatsApp-Bild-2025-11-15-um-15.50.27_0e0e2667-225x300.jpg\" class=\"attachment-medium size-medium wp-post-image\" alt=\"\" style=\"\" srcset=\"https:\/\/www.rudolf-schoen-weg.at\/wp-content\/uploads\/2026\/01\/WhatsApp-Bild-2025-11-15-um-15.50.27_0e0e2667-225x300.jpg 225w, https:\/\/www.rudolf-schoen-weg.at\/wp-content\/uploads\/2026\/01\/WhatsApp-Bild-2025-11-15-um-15.50.27_0e0e2667-768x1024.jpg 768w, https:\/\/www.rudolf-schoen-weg.at\/wp-content\/uploads\/2026\/01\/WhatsApp-Bild-2025-11-15-um-15.50.27_0e0e2667-1152x1536.jpg 1152w, https:\/\/www.rudolf-schoen-weg.at\/wp-content\/uploads\/2026\/01\/WhatsApp-Bild-2025-11-15-um-15.50.27_0e0e2667.jpg 1500w\" sizes=\"auto, (max-width: 225px) 100vw, 225px\" \/><\/div><a class=\"wp-block-latest-posts__post-title\" href=\"https:\/\/www.rudolf-schoen-weg.at\/index.php\/2026\/01\/02\/2c-forschen-staunen-lernen\/\">2C &#8211; Forschen, Staunen, Lernen<\/a><div class=\"wp-block-latest-posts__post-excerpt\">Experimentieren Im Physikunterricht wurde es f\u00fcr die Sch\u00fclerInnen der Klasse 2c besonders spannend. In kleinen Gruppen f\u00fchrten sie ihre ersten eigenen Experimente durch und sammelten dabei wertvolle praktische Erfahrungen. Mit gro\u00dfem Interesse beobachteten die Kinder, was passiert, wenn man einfache Materialien miteinander kombiniert. Die Freude am Forschen und Entdecken war in der ganzen Klasse sp\u00fcrbar.\u2026\u00a0<a class=\"wp-block-latest-posts__read-more\" href=\"https:\/\/www.rudolf-schoen-weg.at\/index.php\/2026\/01\/02\/2c-forschen-staunen-lernen\/\" rel=\"noopener noreferrer\"><span class=\"screen-reader-text\">2C &#8211; Forschen, Staunen, Lernen <\/span>weiterlesen<\/a><\/div><\/li>\n<li><div class=\"wp-block-latest-posts__featured-image aligncenter\"><img loading=\"lazy\" decoding=\"async\" width=\"300\" height=\"225\" src=\"https:\/\/www.rudolf-schoen-weg.at\/wp-content\/uploads\/2025\/12\/WhatsApp-Bild-2025-12-22-um-14.24.04_12f2d170-1-300x225.jpg\" class=\"attachment-medium size-medium wp-post-image\" alt=\"\" style=\"\" srcset=\"https:\/\/www.rudolf-schoen-weg.at\/wp-content\/uploads\/2025\/12\/WhatsApp-Bild-2025-12-22-um-14.24.04_12f2d170-1-300x225.jpg 300w, https:\/\/www.rudolf-schoen-weg.at\/wp-content\/uploads\/2025\/12\/WhatsApp-Bild-2025-12-22-um-14.24.04_12f2d170-1-1024x768.jpg 1024w, https:\/\/www.rudolf-schoen-weg.at\/wp-content\/uploads\/2025\/12\/WhatsApp-Bild-2025-12-22-um-14.24.04_12f2d170-1-768x576.jpg 768w, https:\/\/www.rudolf-schoen-weg.at\/wp-content\/uploads\/2025\/12\/WhatsApp-Bild-2025-12-22-um-14.24.04_12f2d170-1-1536x1152.jpg 1536w, https:\/\/www.rudolf-schoen-weg.at\/wp-content\/uploads\/2025\/12\/WhatsApp-Bild-2025-12-22-um-14.24.04_12f2d170-1.jpg 2048w\" sizes=\"auto, (max-width: 300px) 100vw, 300px\" \/><\/div><a class=\"wp-block-latest-posts__post-title\" href=\"https:\/\/www.rudolf-schoen-weg.at\/index.php\/2025\/12\/23\/3b-buchdruckpresse\/\">3B Buchdruckpresse<\/a><div class=\"wp-block-latest-posts__post-excerpt\">Besuch der Buchdruckpresse im Bibelzentrum Nach einem informativen Vortrag durften die Kinder selbst aktiv werden: In der Schreib- und Druckwerkstatt konnten sie ausprobieren, wie fr\u00fcher Texte gesetzt, eingef\u00e4rbt und mit der Druckpresse vervielf\u00e4ltigt wurden. Mit gro\u00dfer Konzentration und viel Begeisterung stellten die Sch\u00fclerinnen und Sch\u00fcler ihr K\u00f6nnen unter Beweis. Im Rahmen des Geschichteunterrichts besuchte die\u2026\u00a0<a class=\"wp-block-latest-posts__read-more\" href=\"https:\/\/www.rudolf-schoen-weg.at\/index.php\/2025\/12\/23\/3b-buchdruckpresse\/\" rel=\"noopener noreferrer\"><span class=\"screen-reader-text\">3B Buchdruckpresse <\/span>weiterlesen<\/a><\/div><\/li>\n<li><div class=\"wp-block-latest-posts__featured-image aligncenter\"><img loading=\"lazy\" decoding=\"async\" width=\"300\" height=\"225\" src=\"https:\/\/www.rudolf-schoen-weg.at\/wp-content\/uploads\/2025\/12\/WhatsApp-Bild-2025-12-22-um-14.23.54_87fac7fa-300x225.jpg\" class=\"attachment-medium size-medium wp-post-image\" alt=\"\" style=\"\" srcset=\"https:\/\/www.rudolf-schoen-weg.at\/wp-content\/uploads\/2025\/12\/WhatsApp-Bild-2025-12-22-um-14.23.54_87fac7fa-300x225.jpg 300w, https:\/\/www.rudolf-schoen-weg.at\/wp-content\/uploads\/2025\/12\/WhatsApp-Bild-2025-12-22-um-14.23.54_87fac7fa-1024x768.jpg 1024w, https:\/\/www.rudolf-schoen-weg.at\/wp-content\/uploads\/2025\/12\/WhatsApp-Bild-2025-12-22-um-14.23.54_87fac7fa-768x576.jpg 768w, https:\/\/www.rudolf-schoen-weg.at\/wp-content\/uploads\/2025\/12\/WhatsApp-Bild-2025-12-22-um-14.23.54_87fac7fa-1536x1152.jpg 1536w, https:\/\/www.rudolf-schoen-weg.at\/wp-content\/uploads\/2025\/12\/WhatsApp-Bild-2025-12-22-um-14.23.54_87fac7fa.jpg 2048w\" sizes=\"auto, (max-width: 300px) 100vw, 300px\" \/><\/div><a class=\"wp-block-latest-posts__post-title\" href=\"https:\/\/www.rudolf-schoen-weg.at\/index.php\/2025\/12\/23\/3b-fahrradkurs\/\">3B Fahrradkurs<\/a><div class=\"wp-block-latest-posts__post-excerpt\">Die Klasse 3B nahm k\u00fcrzlich an einem spannenden und lehrreichen Workshop zum ordentlichen und sicheren Fahrradfahren teil. Daf\u00fcr ging es gemeinsam auf die Donauinsel, wo wir zun\u00e4chst eine kurze, aber sehr informative Einf\u00fchrung in die Stra\u00dfenverkehrsordnung erhielten. Anschlie\u00dfend konnten wir unser neu erworbenes Wissen direkt in der Praxis anwenden: Auf der Stra\u00dfe \u00fcbten wir richtiges\u2026\u00a0<a class=\"wp-block-latest-posts__read-more\" href=\"https:\/\/www.rudolf-schoen-weg.at\/index.php\/2025\/12\/23\/3b-fahrradkurs\/\" rel=\"noopener noreferrer\"><span class=\"screen-reader-text\">3B Fahrradkurs <\/span>weiterlesen<\/a><\/div><\/li>\n<\/ul>\n\n\n<div style=\"height:100px\" aria-hidden=\"true\" class=\"wp-block-spacer\"><\/div>\n","protected":false},"excerpt":{"rendered":"","protected":false},"author":1,"featured_media":0,"parent":311,"menu_order":0,"comment_status":"closed","ping_status":"closed","template":"","meta":{"_EventAllDay":false,"_EventTimezone":"","_EventStartDate":"","_EventEndDate":"","_EventStartDateUTC":"","_EventEndDateUTC":"","_EventShowMap":false,"_EventShowMapLink":false,"_EventURL":"","_EventCost":"","_EventCostDescription":"","_EventCurrencySymbol":"","_EventCurrencyCode":"","_EventCurrencyPosition":"","_EventDateTimeSeparator":"","_EventTimeRangeSeparator":"","_EventOrganizerID":[],"_EventVenueID":[],"_OrganizerEmail":"","_OrganizerPhone":"","_OrganizerWebsite":"","_VenueAddress":"","_VenueCity":"","_VenueCountry":"","_VenueProvince":"","_VenueState":"","_VenueZip":"","_VenuePhone":"","_VenueURL":"","_VenueStateProvince":"","_VenueLat":"","_VenueLng":"","_VenueShowMap":false,"_VenueShowMapLink":false,"footnotes":""},"class_list":["post-995","page","type-page","status-publish","hentry"],"_links":{"self":[{"href":"https:\/\/www.rudolf-schoen-weg.at\/index.php\/wp-json\/wp\/v2\/pages\/995","targetHints":{"allow":["GET"]}}],"collection":[{"href":"https:\/\/www.rudolf-schoen-weg.at\/index.php\/wp-json\/wp\/v2\/pages"}],"about":[{"href":"https:\/\/www.rudolf-schoen-weg.at\/index.php\/wp-json\/wp\/v2\/types\/page"}],"author":[{"embeddable":true,"href":"https:\/\/www.rudolf-schoen-weg.at\/index.php\/wp-json\/wp\/v2\/users\/1"}],"replies":[{"embeddable":true,"href":"https:\/\/www.rudolf-schoen-weg.at\/index.php\/wp-json\/wp\/v2\/comments?post=995"}],"version-history":[{"count":4,"href":"https:\/\/www.rudolf-schoen-weg.at\/index.php\/wp-json\/wp\/v2\/pages\/995\/revisions"}],"predecessor-version":[{"id":1006,"href":"https:\/\/www.rudolf-schoen-weg.at\/index.php\/wp-json\/wp\/v2\/pages\/995\/revisions\/1006"}],"up":[{"embeddable":true,"href":"https:\/\/www.rudolf-schoen-weg.at\/index.php\/wp-json\/wp\/v2\/pages\/311"}],"wp:attachment":[{"href":"https:\/\/www.rudolf-schoen-weg.at\/index.php\/wp-json\/wp\/v2\/media?parent=995"}],"curies":[{"name":"wp","href":"https:\/\/api.w.org\/{rel}","templated":true}]}}